{"id":137,"date":"2025-01-23T22:06:19","date_gmt":"2025-01-24T01:06:19","guid":{"rendered":"https:\/\/jcc.moai-san.net\/?page_id=137"},"modified":"2025-07-11T19:30:22","modified_gmt":"2025-07-11T22:30:22","slug":"tixced","status":"publish","type":"page","link":"https:\/\/jcc2025.pucv.cl\/index.php\/tixced\/","title":{"rendered":"TICXED"},"content":{"rendered":"\n<div class=\"wp-block-group alignwide has-background-background-color has-text-color has-background has-link-color wp-elements-b3c191fceb801b2b6f801c6c7d372ca0 has-global-padding is-layout-constrained wp-container-core-group-is-layout-7bc18c52 wp-block-group-is-layout-constrained\" style=\"border-style:none;border-width:0px;border-radius:10px;color:#417a63;margin-top:0;margin-bottom:-30px;padding-top:var(--wp--preset--spacing--50);padding-bottom:var(--wp--preset--spacing--50)\">\n<h2 class=\"wp-block-heading has-text-align-center has-border-color has-base-2-border-color has-base-color has-text-color has-background has-link-color wp-elements-20a2982dcb970715a1ee783293edbfe2\" style=\"border-width:5px;border-radius:15px;background-color:#417a63;padding-top:var(--wp--preset--spacing--10);padding-right:0px;padding-bottom:var(--wp--preset--spacing--10);padding-left:0px;font-size:clamp(1.551rem, 1.551rem + ((1vw - 0.2rem) * 1.748), 2.6rem);\"><strong>Congreso Chileno de TICs para la Educaci\u00f3n (TICXED)<\/strong><\/h2>\n\n\n\n<div class=\"wp-block-group has-global-padding is-layout-constrained wp-block-group-is-layout-constrained\">\n<h2 class=\"wp-block-heading has-text-align-center has-text-color has-link-color has-xx-large-font-size wp-elements-bcfe52b164eb014fbd77bc974f294349\" style=\"border-style:none;border-width:0px;color:#417a63\"><strong>Chairs<\/strong><\/h2>\n<\/div>\n\n\n\n<div class=\"wp-block-group alignwide has-global-padding is-layout-constrained wp-container-core-group-is-layout-79ca9124 wp-block-group-is-layout-constrained\">\n<div class=\"wp-block-columns is-layout-flex wp-container-core-columns-is-layout-28f84493 wp-block-columns-is-layout-flex\">\n<div class=\"wp-block-column has-border-color has-background has-global-padding is-layout-constrained wp-container-core-column-is-layout-d0c8bf43 wp-block-column-is-layout-constrained\" style=\"border-color:#a9c7b8;border-width:1px;border-radius:10px;background:linear-gradient(180deg,rgb(169,199,184) 50%,rgb(249,249,249) 50%);padding-top:var(--wp--preset--spacing--20);padding-right:0;padding-bottom:var(--wp--preset--spacing--20);padding-left:0\">\n<h2 class=\"wp-block-heading has-text-align-center has-small-font-size\"><strong>Marcela Varas<\/strong><\/h2>\n\n\n\n<figure class=\"wp-block-gallery has-nested-images columns-default is-cropped wp-block-gallery-1 is-layout-flex wp-block-gallery-is-layout-flex\">\n<figure class=\"wp-block-image size-thumbnail has-custom-border is-style-default\"><img loading=\"lazy\" decoding=\"async\" width=\"150\" height=\"150\" data-id=\"218\" src=\"https:\/\/jcc2025.pucv.cl\/wp-content\/uploads\/2025\/02\/imagen_2025-02-02_181942364-150x150.png\" alt=\"\" class=\"wp-image-218\" style=\"border-radius:10px;aspect-ratio:1;object-fit:cover\"\/><\/figure>\n<\/figure>\n\n\n\n<h3 class=\"wp-block-heading has-text-align-center has-small-font-size\"><a href=\"mailto:mvaras@udec.cl\" target=\"_blank\" rel=\"noreferrer noopener\">mvaras@udec.cl<\/a><\/h3>\n<\/div>\n\n\n\n<div class=\"wp-block-column has-border-color has-background has-global-padding is-layout-constrained wp-container-core-column-is-layout-3cf555e1 wp-block-column-is-layout-constrained\" style=\"border-color:#a9c7b8;border-width:1px;border-radius:10px;background:linear-gradient(180deg,rgb(169,199,184) 50%,rgb(249,249,249) 50%);padding-top:var(--wp--preset--spacing--20);padding-bottom:var(--wp--preset--spacing--20)\">\n<h2 class=\"wp-block-heading has-text-align-center has-small-font-size\"><strong>Jenny Morales<\/strong><\/h2>\n\n\n\n<figure class=\"wp-block-gallery has-nested-images columns-default is-cropped wp-block-gallery-2 is-layout-flex wp-block-gallery-is-layout-flex\">\n<figure class=\"wp-block-image size-full has-custom-border is-style-default\"><img loading=\"lazy\" decoding=\"async\" width=\"400\" height=\"400\" data-id=\"220\" src=\"https:\/\/jcc2025.pucv.cl\/wp-content\/uploads\/2025\/02\/imagen_2025-02-02_182158721.png\" alt=\"\" class=\"wp-image-220\" style=\"border-radius:10px;aspect-ratio:1;object-fit:cover\" srcset=\"https:\/\/jcc2025.pucv.cl\/wp-content\/uploads\/2025\/02\/imagen_2025-02-02_182158721.png 400w, https:\/\/jcc2025.pucv.cl\/wp-content\/uploads\/2025\/02\/imagen_2025-02-02_182158721-300x300.png 300w, https:\/\/jcc2025.pucv.cl\/wp-content\/uploads\/2025\/02\/imagen_2025-02-02_182158721-150x150.png 150w\" sizes=\"auto, (max-width: 400px) 100vw, 400px\" \/><\/figure>\n<\/figure>\n\n\n\n<h3 class=\"wp-block-heading has-text-align-center has-small-font-size\"><a href=\"mailto:jmoralesb@ucm.cl\" target=\"_blank\" rel=\"noreferrer noopener\">jmoralesb@ucm.cl<\/a><\/h3>\n<\/div>\n\n\n\n<div class=\"wp-block-column has-border-color has-background has-global-padding is-layout-constrained wp-container-core-column-is-layout-3cf555e1 wp-block-column-is-layout-constrained\" style=\"border-color:#a9c7b8;border-width:1px;border-radius:10px;background:linear-gradient(180deg,rgb(169,199,184) 50%,rgb(249,249,249) 50%);padding-top:var(--wp--preset--spacing--20);padding-bottom:var(--wp--preset--spacing--20)\">\n<h2 class=\"wp-block-heading has-text-align-center has-small-font-size\"><strong>Claudia Mart\u00ednez<\/strong><\/h2>\n\n\n\n<figure class=\"wp-block-image size-full has-custom-border is-style-default\"><img loading=\"lazy\" decoding=\"async\" width=\"500\" height=\"500\" src=\"https:\/\/jcc2025.pucv.cl\/wp-content\/uploads\/2025\/03\/WhatsApp-Image-2025-03-24-at-4.48.05-PM.jpeg\" alt=\"\" class=\"wp-image-305\" style=\"border-radius:10px;aspect-ratio:1;object-fit:cover\" srcset=\"https:\/\/jcc2025.pucv.cl\/wp-content\/uploads\/2025\/03\/WhatsApp-Image-2025-03-24-at-4.48.05-PM.jpeg 500w, https:\/\/jcc2025.pucv.cl\/wp-content\/uploads\/2025\/03\/WhatsApp-Image-2025-03-24-at-4.48.05-PM-300x300.jpeg 300w, https:\/\/jcc2025.pucv.cl\/wp-content\/uploads\/2025\/03\/WhatsApp-Image-2025-03-24-at-4.48.05-PM-150x150.jpeg 150w\" sizes=\"auto, (max-width: 500px) 100vw, 500px\" \/><\/figure>\n\n\n\n<h3 class=\"wp-block-heading has-text-align-center has-small-font-size\"><a href=\"mailto:jmoralesb@ucm.cl\" target=\"_blank\" rel=\"noreferrer noopener\">cmartinez@ucsc.cl<\/a><\/h3>\n<\/div>\n<\/div>\n<\/div>\n<\/div>\n\n\n\n<div class=\"wp-block-group has-background has-global-padding is-layout-constrained wp-container-core-group-is-layout-1b7de8b6 wp-block-group-is-layout-constrained\" style=\"background-color:#a9c7b8;padding-top:var(--wp--preset--spacing--50);padding-bottom:var(--wp--preset--spacing--50);background-image:url(&apos;http:\/\/200.35.159.35\/wp-content\/uploads\/2025\/01\/1540226586695871357.jpg&apos;);background-size:cover;background-attachment:fixed;\">\n<div class=\"wp-block-group has-global-padding is-layout-constrained wp-container-core-group-is-layout-00f579c5 wp-block-group-is-layout-constrained\">\n<p class=\"has-base-background-color has-text-color has-background has-link-color wp-elements-7f1f61c6437fb4359b0ab89a3c1a56fd\" style=\"border-radius:15px;color:#417a63;padding-top:var(--wp--preset--spacing--20);padding-bottom:var(--wp--preset--spacing--20);font-size:clamp(0.984rem, 0.984rem + ((1vw - 0.2rem) * 0.86), 1.5rem);\">El <strong>Congreso Chileno de TICs para la Educaci\u00f3n (TICXED)<\/strong> es un track enfocado en la mejora del aprendizaje y la gesti\u00f3n educativa a trav\u00e9s de tecnolog\u00edas de la informaci\u00f3n, incluye temas como gamificaci\u00f3n, rob\u00f3tica educativa, y aplicaciones de TICs en la ense\u00f1anza.<\/p>\n\n\n\n<p class=\"has-base-background-color has-text-color has-background has-link-color wp-elements-ddbe1727c5e6526a68bcbb9b40dc5903\" style=\"border-radius:15px;color:#417a63;font-size:clamp(0.984rem, 0.984rem + ((1vw - 0.2rem) * 0.86), 1.5rem);\">El apoyo tecnol\u00f3gico a la educaci\u00f3n va desde la mejora en los aprendizajes de los estudiantes, como tambi\u00e9n en el seguimiento de los procesos de gesti\u00f3n, asociados al an\u00e1lisis de datos e informaci\u00f3n relevante para la mejora de las pr\u00e1cticas docentes. TICXED es un sucesor del Congreso Chileno de Educaci\u00f3n Superior en Computaci\u00f3n CCESC, el cual se ha llevado a cabo desde 1999 como parte de las <strong>Jornadas Chilenas de Computaci\u00f3n (JCC)<\/strong>.<\/p>\n\n\n\n<p class=\"has-base-background-color has-text-color has-background has-link-color wp-elements-08e58c985e8149bd765bf06a3ab3f791\" style=\"border-radius:15px;color:#417a63;padding-top:var(--wp--preset--spacing--10);padding-bottom:var(--wp--preset--spacing--10);font-size:clamp(0.984rem, 0.984rem + ((1vw - 0.2rem) * 0.86), 1.5rem);\">Deben estar escritos en <strong>Espa\u00f1ol, Ingl\u00e9s o Portugu\u00e9s<\/strong> y tener entre <strong>4 y 8 p\u00e1ginas<\/strong>, de acuerdo a la contribuci\u00f3n del art\u00edculo. El env\u00edo se hace a trav\u00e9s del sistema Easychair.<\/p>\n\n\n\n<ul style=\"border-radius:15px;padding-right:var(--wp--preset--spacing--40);padding-left:var(--wp--preset--spacing--40);font-size:clamp(0.984rem, 0.984rem + ((1vw - 0.2rem) * 0.86), 1.5rem);\" class=\"wp-block-list has-base-background-color has-background\">\n<li class=\"has-text-color has-link-color wp-elements-c14feeb646b0b7d8d951b6d822827523\" style=\"color:#417a63;padding-right:0;padding-left:0\">Se invita a enviar art\u00edculos que describan experiencias, analicen resultados de la pr\u00e1ctica docente en la formaci\u00f3n de estudiantes o que presenten innovaciones con apoyo tecnol\u00f3gico que mejoren el aprendizaje de los estudiantes.<\/li>\n\n\n\n<li class=\"has-text-color has-link-color wp-elements-01c87f9ce194553355f98e7783e87607\" style=\"color:#417a63\">Los trabajos deben ser originales y no publicados en versiones sustancialmente similares.<\/li>\n\n\n\n<li class=\"has-text-color has-link-color wp-elements-4523869eeec9f0ba2a149f1c08b35841\" style=\"color:#417a63\">Los art\u00edculos enviados ser\u00e1n juzgados por al menos tres revisores del Comit\u00e9 de Programa, tomando en cuenta criterios de originalidad, claridad y contribuci\u00f3n a esta tem\u00e1tica.<\/li>\n\n\n\n<li class=\"has-text-color has-link-color wp-elements-fc3d21a20f74a18b401fab2294a6fbfa\" style=\"color:#417a63\">Los proceedings de la Conferencia Internacional y sus tracks ser\u00e1n publicados por IEEE-CS, todos los art\u00edculos aceptados deben tener los est\u00e1ndares de publicaci\u00f3n y tener al menos uno de los autores registrados en el evento.<\/li>\n\n\n\n<li class=\"has-text-color has-link-color wp-elements-f664ebd9028ea9a41c7f33b7345cffb2\" style=\"color:#417a63\">Los art\u00edculos deben estar formateados de acuerdo al formato de proceedings de la IEEE-CS. Formato IEEE disponible en: <a href=\"http:\/\/www.ieee.org\/conferences_events\/conferences\/publishing\/templates.html\">http:\/\/www.ieee.org\/conferences_events\/conferences\/publishing\/templates.html<\/a><\/li>\n\n\n\n<li class=\"has-text-color has-link-color wp-elements-e00a98188766119936ae17a66dac1aae\" style=\"color:#417a63\">El env\u00edo se hace a trav\u00e9s del sistema Easychair:&nbsp;<a href=\"https:\/\/easychair.org\/my\/conference?conf=cleijccchilecon2025\">https:\/\/easychair.org\/my\/conference?conf=cleijccchilecon2025<\/a><\/li>\n<\/ul>\n<\/div>\n<\/div>\n\n\n\n<div class=\"wp-block-group alignfull has-montserrat-font-family has-global-padding is-layout-constrained wp-container-core-group-is-layout-fc715c1c wp-block-group-is-layout-constrained has-background\" style=\"border-style:none;border-width:0px;border-radius:0px;margin-top:0;margin-bottom:0px;padding-top:var(--wp--preset--spacing--30);padding-bottom:var(--wp--preset--spacing--30);font-size:clamp(14.082px, 0.88rem + ((1vw - 3.2px) * 0.721), 21px);background-image:url(&apos;http:\/\/200.35.159.35\/wp-content\/uploads\/2025\/01\/f84b1dc7449bcdcad3a0f3f45a86f976.jpg&apos;);background-position:50% 0;background-size:auto;\">\n<div class=\"wp-block-group alignwide has-primary-color has-text-color has-link-color wp-elements-1587c0dd326aaa316fb7ea10f5e9fa00 has-global-padding is-layout-constrained wp-container-core-group-is-layout-83b3d226 wp-block-group-is-layout-constrained\" style=\"border-radius:10px;margin-top:0;margin-bottom:0;padding-top:var(--wp--preset--spacing--10);padding-right:0;padding-bottom:var(--wp--preset--spacing--10);padding-left:0\">\n<h2 class=\"wp-block-heading has-text-align-center is-style-default has-base-color has-text-color has-background has-link-color has-montserrat-font-family has-x-large-font-size wp-elements-a5e680b88d6c1add3e04f4af89d48255\" style=\"border-width:5px;border-radius:10px;background-color:#417a63;padding-top:var(--wp--preset--spacing--20);padding-right:0;padding-bottom:var(--wp--preset--spacing--20);padding-left:0\"><strong>Temas de inter\u00e9s<\/strong><\/h2>\n<\/div>\n\n\n\n<p class=\"has-text-align-center has-border-color has-white-border-color has-contrast-color has-text-color has-background has-link-color has-montserrat-font-family wp-elements-ec11b7ec47d89fddf194fe8ac04baa78\" style=\"border-width:1px;border-radius:10px;background-color:#c3dacf;margin-right:0;margin-left:0;padding-top:var(--wp--preset--spacing--10);padding-right:0;padding-bottom:var(--wp--preset--spacing--10);padding-left:0;font-size:clamp(18.959px, 1.185rem + ((1vw - 3.2px) * 1.15), 30px);\">La siguiente es una lista no exhaustiva de temas pertinentes al evento:<\/p>\n\n\n\n<div class=\"wp-block-group alignwide has-border-color has-white-border-color has-background-background-color has-background has-montserrat-font-family has-global-padding is-layout-constrained wp-container-core-group-is-layout-2d364072 wp-block-group-is-layout-constrained\" style=\"border-width:1px;border-radius:10px;padding-right:0;padding-left:0\">\n<div class=\"wp-block-columns has-background is-layout-flex wp-container-core-columns-is-layout-18ec6d42 wp-block-columns-is-layout-flex\" style=\"border-style:none;border-width:0px;border-radius:10px;background-color:#bdd5c8;margin-top:0;margin-bottom:0;padding-top:var(--wp--preset--spacing--30);padding-right:var(--wp--preset--spacing--30);padding-bottom:var(--wp--preset--spacing--30);padding-left:var(--wp--preset--spacing--30)\">\n<div class=\"wp-block-column is-layout-flow wp-block-column-is-layout-flow\">\n<h2 class=\"wp-block-heading has-text-align-center has-base-color has-text-color has-background has-link-color has-roboto-font-family has-large-font-size wp-elements-e9d04c6509a0a72ce41d9ca955e50bbe\" style=\"border-style:none;border-width:0px;border-radius:15px;background-color:#417a63;padding-top:var(--wp--preset--spacing--30);padding-right:0;padding-bottom:var(--wp--preset--spacing--30);padding-left:0\">Mejoramiento del aprendizaje de la disciplina<\/h2>\n\n\n\n<ul style=\"border-radius:20px;padding-right:var(--wp--preset--spacing--20);padding-left:var(--wp--preset--spacing--30)\" class=\"wp-block-list has-base-background-color has-background\">\n<li class=\"has-roboto-font-family\" style=\"padding-right:0;padding-left:0;font-size:clamp(14.082px, 0.88rem + ((1vw - 3.2px) * 0.721), 21px);\">Experiencias de aprendizaje usando tecnolog\u00edas en t\u00f3picos espec\u00edficos de la disciplina.<\/li>\n\n\n\n<li class=\"has-roboto-font-family\">Desarrollo de pensamiento computacional usando tecnolog\u00eda.<\/li>\n\n\n\n<li class=\"has-roboto-font-family\">Curr\u00edcula de programaci\u00f3n y computaci\u00f3n en el nivel escolar.<\/li>\n\n\n\n<li class=\"has-roboto-font-family\">Curr\u00edcula de programaci\u00f3n y computaci\u00f3n para no especialistas a nivel terciario<\/li>\n\n\n\n<li class=\"has-roboto-font-family\">Primer curso para carreras universitarias de computaci\u00f3n e inform\u00e1tica<\/li>\n<\/ul>\n<\/div>\n\n\n\n<div class=\"wp-block-column is-layout-flow wp-block-column-is-layout-flow\" style=\"border-radius:15px\">\n<h2 class=\"wp-block-heading has-text-align-center has-base-color has-text-color has-background has-link-color has-roboto-font-family wp-elements-164b4633e5004770253217b022bcb313\" style=\"border-style:none;border-width:0px;border-radius:15px;background-color:#417a63;padding-top:2.3rem;padding-right:0;padding-bottom:2.3rem;padding-left:0\">Mejoras en la gesti\u00f3n del proceso de ense\u00f1anza-aprendizaje <\/h2>\n\n\n\n<ul style=\"border-radius:15px;margin-top:var(--wp--preset--spacing--10);margin-right:0;margin-bottom:var(--wp--preset--spacing--10);margin-left:0;padding-top:1.4rem;padding-bottom:10rem;padding-left:var(--wp--preset--spacing--30)\" class=\"wp-block-list is-style-default has-base-background-color has-background\">\n<li class=\"has-roboto-font-family\">Aplicaci\u00f3n de anal\u00edtica de aprendizajes en el seguimiento de procesos educativos.<\/li>\n\n\n\n<li class=\"has-roboto-font-family\">Herramientas y ambientes TICs de apoyo a la ense\u00f1anza y aprendizaje.<\/li>\n\n\n\n<li class=\"has-roboto-font-family\">Metodolog\u00edas de ense\u00f1anza y dise\u00f1o instruccional con TICs.<\/li>\n<\/ul>\n<\/div>\n<\/div>\n<\/div>\n\n\n\n<div class=\"wp-block-group alignwide has-border-color has-white-border-color has-background is-layout-flow wp-container-core-group-is-layout-115e78f4 wp-block-group-is-layout-flow\" style=\"border-width:1px;border-radius:10px;background-color:#b1cfc1;margin-top:var(--wp--preset--spacing--20);margin-bottom:var(--wp--preset--spacing--20);padding-top:var(--wp--preset--spacing--30);padding-right:var(--wp--preset--spacing--30);padding-bottom:var(--wp--preset--spacing--30);padding-left:var(--wp--preset--spacing--30)\">\n<div class=\"wp-block-columns is-layout-flex wp-container-core-columns-is-layout-28f84493 wp-block-columns-is-layout-flex\">\n<div class=\"wp-block-column is-vertically-aligned-center is-layout-flow wp-block-column-is-layout-flow\">\n<h2 class=\"wp-block-heading has-text-align-center has-base-color has-text-color has-background has-link-color wp-elements-a4713456b794ab7b62cc40afdc6b2898\" style=\"border-style:none;border-width:0px;border-radius:15px;background-color:#417a63;margin-top:0;margin-bottom:0;padding-top:var(--wp--preset--spacing--20);padding-right:var(--wp--preset--spacing--30);padding-bottom:var(--wp--preset--spacing--20);padding-left:var(--wp--preset--spacing--30)\">Integraci\u00f3n de TICs en el aula para mejorar el aprendizaje<\/h2>\n\n\n\n<ul style=\"border-radius:15px;padding-left:var(--wp--preset--spacing--30)\" class=\"wp-block-list has-base-background-color has-background\">\n<li>Innovaciones en el aula con apoyo de tecnolog\u00eda.<\/li>\n\n\n\n<li>Gamificaci\u00f3n aplicada al \u00e1mbito educativo.<\/li>\n\n\n\n<li>Integraci\u00f3n de TICs en el aula.<\/li>\n\n\n\n<li>Evaluaci\u00f3n de competencias utilizando TICs.<\/li>\n\n\n\n<li>Software de simulaci\u00f3n en educaci\u00f3n.<\/li>\n\n\n\n<li>Desarrollo de competencias profesionales y gen\u00e9ricas usando tecnolog\u00eda.<\/li>\n\n\n\n<li>TICs para la educaci\u00f3n en \u00e1mbitos no universitarios.<\/li>\n\n\n\n<li>Uso de las TICs para un aprendizaje significativo.<\/li>\n\n\n\n<li>Aplicaci\u00f3n de metodolog\u00edas activas utilizando TICs.<\/li>\n\n\n\n<li>Aprendizaje colaborativo apoyado por tecnolog\u00eda.<\/li>\n\n\n\n<li>Rob\u00f3tica educativa.<\/li>\n\n\n\n<li>Experiencias en el aula on-line.<\/li>\n<\/ul>\n<\/div>\n<\/div>\n<\/div>\n<\/div>\n\n\n\n<div class=\"wp-block-group alignwide has-primary-color has-text-color has-link-color wp-elements-338c79dbf80ae517260f5f8170caa36e has-global-padding is-layout-constrained wp-container-core-group-is-layout-e572c3a6 wp-block-group-is-layout-constrained\" style=\"border-radius:10px;margin-top:0;margin-bottom:0;padding-top:var(--wp--preset--spacing--50);padding-right:0;padding-bottom:var(--wp--preset--spacing--50);padding-left:0\">\n<h2 class=\"wp-block-heading has-text-align-center is-style-default has-base-color has-text-color has-background has-link-color has-montserrat-font-family has-x-large-font-size wp-elements-5984b84bfc6818c4205eb20dd6874bab\" style=\"border-width:5px;border-radius:10px;background-color:#417a63;padding-top:var(--wp--preset--spacing--10);padding-right:0;padding-bottom:var(--wp--preset--spacing--10);padding-left:0\"><strong>Fechas importantes<\/strong><\/h2>\n\n\n\n<p class=\"has-text-align-left has-large-font-size\">Abstract: <s>30 de Junio<\/s><\/p>\n\n\n\n<p class=\"has-text-align-left has-large-font-size\">Full paper: <s>14 de Julio<\/s> <strong>21 de Julio<\/strong><\/p>\n\n\n\n<p class=\"has-text-align-left has-large-font-size\">Notificaci\u00f3n de Aceptaci\u00f3n: 7 de Septiembre <\/p>\n\n\n\n<p class=\"has-text-align-left has-large-font-size\">Versi\u00f3n Final (Camera-Ready): 5 de Octubre <\/p>\n<\/div>\n","protected":false},"excerpt":{"rendered":"<p>Congreso Chileno de TICs para la Educaci\u00f3n (TICXED) Chairs Marcela Varas mvaras@udec.cl Jenny Morales jmoralesb@ucm.cl Claudia Mart\u00ednez cmartinez@ucsc.cl El Congreso Chileno de TICs para la Educaci\u00f3n (TICXED) es un track enfocado en la mejora del aprendizaje y la gesti\u00f3n educativa a trav\u00e9s de tecnolog\u00edas de la informaci\u00f3n, incluye temas como gamificaci\u00f3n, rob\u00f3tica educativa, y aplicaciones [&hellip;]<\/p>\n","protected":false},"author":1,"featured_media":0,"parent":0,"menu_order":0,"comment_status":"closed","ping_status":"closed","template":"","meta":{"footnotes":""},"class_list":["post-137","page","type-page","status-publish","hentry"],"_links":{"self":[{"href":"https:\/\/jcc2025.pucv.cl\/index.php\/wp-json\/wp\/v2\/pages\/137","targetHints":{"allow":["GET"]}}],"collection":[{"href":"https:\/\/jcc2025.pucv.cl\/index.php\/wp-json\/wp\/v2\/pages"}],"about":[{"href":"https:\/\/jcc2025.pucv.cl\/index.php\/wp-json\/wp\/v2\/types\/page"}],"author":[{"embeddable":true,"href":"https:\/\/jcc2025.pucv.cl\/index.php\/wp-json\/wp\/v2\/users\/1"}],"replies":[{"embeddable":true,"href":"https:\/\/jcc2025.pucv.cl\/index.php\/wp-json\/wp\/v2\/comments?post=137"}],"version-history":[{"count":13,"href":"https:\/\/jcc2025.pucv.cl\/index.php\/wp-json\/wp\/v2\/pages\/137\/revisions"}],"predecessor-version":[{"id":388,"href":"https:\/\/jcc2025.pucv.cl\/index.php\/wp-json\/wp\/v2\/pages\/137\/revisions\/388"}],"wp:attachment":[{"href":"https:\/\/jcc2025.pucv.cl\/index.php\/wp-json\/wp\/v2\/media?parent=137"}],"curies":[{"name":"wp","href":"https:\/\/api.w.org\/{rel}","templated":true}]}}