{"id":159,"date":"2025-01-24T04:07:07","date_gmt":"2025-01-24T07:07:07","guid":{"rendered":"https:\/\/jcc.moai-san.net\/?page_id=159"},"modified":"2025-08-21T21:43:57","modified_gmt":"2025-08-22T00:43:57","slug":"et","status":"publish","type":"page","link":"https:\/\/jcc2025.pucv.cl\/index.php\/et\/","title":{"rendered":"ET"},"content":{"rendered":"\n<div class=\"wp-block-group alignwide has-background-background-color has-text-color has-background has-link-color wp-elements-66daa5a58c03497745c472279e4c84ca has-global-padding is-layout-constrained wp-container-core-group-is-layout-7bc18c52 wp-block-group-is-layout-constrained\" style=\"border-style:none;border-width:0px;border-radius:10px;color:#417a63;margin-top:0;margin-bottom:-30px;padding-top:var(--wp--preset--spacing--50);padding-bottom:var(--wp--preset--spacing--50)\">\n<h2 class=\"wp-block-heading has-text-align-center has-border-color has-base-2-border-color has-base-color has-text-color has-background has-link-color has-xx-large-font-size wp-elements-b7cadd3a186956e8e3a8ca4a8f366cac\" style=\"border-width:5px;border-radius:15px;background-color:#417a63;padding-top:0;padding-right:0px;padding-bottom:0;padding-left:0px\"><strong>Encuentro de tesistas(ET-2025)<\/strong><\/h2>\n\n\n\n<div class=\"wp-block-group has-global-padding is-layout-constrained wp-block-group-is-layout-constrained\">\n<h2 class=\"wp-block-heading has-text-align-center has-text-color has-link-color has-xx-large-font-size wp-elements-bcfe52b164eb014fbd77bc974f294349\" style=\"border-style:none;border-width:0px;color:#417a63\"><strong>Chairs<\/strong><\/h2>\n<\/div>\n\n\n\n<div class=\"wp-block-group alignwide has-global-padding is-layout-constrained wp-container-core-group-is-layout-79ca9124 wp-block-group-is-layout-constrained\">\n<div class=\"wp-block-columns is-layout-flex wp-container-core-columns-is-layout-28f84493 wp-block-columns-is-layout-flex\">\n<div class=\"wp-block-column has-border-color has-background has-large-font-size has-global-padding is-layout-constrained wp-container-core-column-is-layout-54a3734c wp-block-column-is-layout-constrained\" style=\"border-color:#a9c7b8;border-width:1px;border-radius:10px;background:linear-gradient(180deg,rgb(169,199,184) 50%,rgb(249,249,249) 50%);padding-top:var(--wp--preset--spacing--20);padding-bottom:var(--wp--preset--spacing--20)\">\n<h2 class=\"wp-block-heading has-text-align-center has-small-font-size\"><strong>Ana del Pilar Bustamante<\/strong><\/h2>\n\n\n\n<figure class=\"wp-block-image size-full has-custom-border is-style-default\"><img loading=\"lazy\" decoding=\"async\" width=\"408\" height=\"408\" src=\"https:\/\/jcc2025.pucv.cl\/wp-content\/uploads\/2025\/05\/Ana-Bustamante-DCI-3-edited.jpeg\" alt=\"\" class=\"wp-image-336\" style=\"border-radius:10px;object-fit:cover\" srcset=\"https:\/\/jcc2025.pucv.cl\/wp-content\/uploads\/2025\/05\/Ana-Bustamante-DCI-3-edited.jpeg 408w, https:\/\/jcc2025.pucv.cl\/wp-content\/uploads\/2025\/05\/Ana-Bustamante-DCI-3-edited-300x300.jpeg 300w, https:\/\/jcc2025.pucv.cl\/wp-content\/uploads\/2025\/05\/Ana-Bustamante-DCI-3-edited-150x150.jpeg 150w\" sizes=\"auto, (max-width: 408px) 100vw, 408px\" \/><\/figure>\n\n\n\n<h3 class=\"wp-block-heading has-text-align-center has-primary-color has-text-color has-link-color wp-elements-0ef75cf423dcdcd095958c97ac180c82\" style=\"font-size:clamp(0.875rem, 0.875rem + ((1vw - 0.2rem) * 0.025), 0.89rem);\"><a href=\"mailto:ana.bustamante@ufrontera.cl\" target=\"_blank\" rel=\"noreferrer noopener\">ana.bustamante@ufrontera.cl<\/a><\/h3>\n<\/div>\n\n\n\n<div class=\"wp-block-column has-border-color has-background has-large-font-size has-global-padding is-layout-constrained wp-container-core-column-is-layout-54a3734c wp-block-column-is-layout-constrained\" style=\"border-color:#a9c7b8;border-width:1px;border-radius:10px;background:linear-gradient(0deg,rgb(169,199,184) 50%,rgb(249,249,249) 50%);padding-top:var(--wp--preset--spacing--20);padding-bottom:var(--wp--preset--spacing--20)\">\n<h2 class=\"wp-block-heading has-text-align-center has-small-font-size\"><strong><strong>Rafael Mellado<\/strong><\/strong><\/h2>\n\n\n\n<figure class=\"wp-block-image size-full has-custom-border is-style-default\"><img loading=\"lazy\" decoding=\"async\" width=\"460\" height=\"460\" src=\"https:\/\/jcc2025.pucv.cl\/wp-content\/uploads\/2025\/03\/imagen_2025-03-09_201745790.png\" alt=\"\" class=\"wp-image-265\" style=\"border-radius:10px;aspect-ratio:1;object-fit:cover\" srcset=\"https:\/\/jcc2025.pucv.cl\/wp-content\/uploads\/2025\/03\/imagen_2025-03-09_201745790.png 460w, https:\/\/jcc2025.pucv.cl\/wp-content\/uploads\/2025\/03\/imagen_2025-03-09_201745790-300x300.png 300w, https:\/\/jcc2025.pucv.cl\/wp-content\/uploads\/2025\/03\/imagen_2025-03-09_201745790-150x150.png 150w\" sizes=\"auto, (max-width: 460px) 100vw, 460px\" \/><\/figure>\n\n\n\n<h3 class=\"wp-block-heading has-text-align-center has-primary-color has-text-color has-link-color wp-elements-c85817ae48f7307771e37233d80cce09\" style=\"font-size:clamp(0.875rem, 0.875rem + ((1vw - 0.2rem) * 0.025), 0.89rem);\"><a href=\"mailto:rafael.mellado@pucv.cl\" target=\"_blank\" rel=\"noreferrer noopener\">rafael.mellado@pucv.cl<\/a><\/h3>\n<\/div>\n\n\n\n<div class=\"wp-block-column has-border-color has-background has-large-font-size has-global-padding is-layout-constrained wp-container-core-column-is-layout-54a3734c wp-block-column-is-layout-constrained\" style=\"border-color:#a9c7b8;border-width:1px;border-radius:10px;background:linear-gradient(180deg,rgb(169,199,184) 50%,rgb(249,249,249) 50%);padding-top:var(--wp--preset--spacing--20);padding-bottom:var(--wp--preset--spacing--20)\">\n<h2 class=\"wp-block-heading has-text-align-center has-small-font-size\"><strong>Yolanda<\/strong> Vald\u00e9s<\/h2>\n\n\n\n<figure class=\"wp-block-image size-full has-custom-border is-style-default\"><img loading=\"lazy\" decoding=\"async\" width=\"668\" height=\"647\" src=\"https:\/\/jcc2025.pucv.cl\/wp-content\/uploads\/2025\/05\/YolandaFoto-1.jpeg\" alt=\"\" class=\"wp-image-340\" style=\"border-radius:10px;object-fit:cover\" srcset=\"https:\/\/jcc2025.pucv.cl\/wp-content\/uploads\/2025\/05\/YolandaFoto-1.jpeg 668w, https:\/\/jcc2025.pucv.cl\/wp-content\/uploads\/2025\/05\/YolandaFoto-1-300x291.jpeg 300w\" sizes=\"auto, (max-width: 668px) 100vw, 668px\" \/><\/figure>\n\n\n\n<h3 class=\"wp-block-heading has-text-align-center has-primary-color has-text-color has-link-color wp-elements-567c5697a2007f0ffc41ebf1538d2658\" style=\"font-size:clamp(0.875rem, 0.875rem + ((1vw - 0.2rem) * 0.025), 0.89rem);\"><a href=\"mailto:yvaldesr@uautonoma.cl\" target=\"_blank\" rel=\"noreferrer noopener\">yvaldesr@uautonoma.cl<\/a><\/h3>\n<\/div>\n<\/div>\n<\/div>\n<\/div>\n\n\n\n<div class=\"wp-block-group has-background has-global-padding is-layout-constrained wp-container-core-group-is-layout-757dfad4 wp-block-group-is-layout-constrained\" style=\"background-color:#a9c7b8;padding-top:var(--wp--preset--spacing--50);padding-bottom:var(--wp--preset--spacing--50);background-image:url(&apos;http:\/\/200.35.159.35\/wp-content\/uploads\/2025\/01\/passenger-carriage-of-funicular-in-valparaiso-chile-photo.jpg&apos;);background-size:cover;background-attachment:fixed;\">\n<div class=\"wp-block-group has-global-padding is-layout-constrained wp-container-core-group-is-layout-abb6fe41 wp-block-group-is-layout-constrained\">\n<p class=\"has-base-background-color has-text-color has-background has-link-color wp-elements-3c15643cd9bbc8f4cef62b823511cb7b\" style=\"border-radius:15px;color:#417a63;padding-top:var(--wp--preset--spacing--20);padding-right:var(--wp--preset--spacing--20);padding-bottom:var(--wp--preset--spacing--20);padding-left:var(--wp--preset--spacing--20);font-size:clamp(1.039rem, 1.039rem + ((1vw - 0.2rem) * 0.935), 1.6rem);\">El Encuentro de Tesistas re\u00fane a\u00f1o a a\u00f1o a alumnos de programas de mag\u00edster y doctorado en Ciencias de la Computaci\u00f3n y \u00e1reas afines de Universidades Chilenas. La idea del encuentro es mostrar a la comunidad de computaci\u00f3n en Chile, el trabajo de investigaci\u00f3n realizado por alumnos en el \u00e1rea y al mismo tiempo que los alumnos de postgrado reciban comentarios de estudiantes, investigadores y acad\u00e9micos de distintas universidades, sobre sus trabajos de tesis.<\/p>\n\n\n\n<p class=\"has-base-background-color has-text-color has-background has-link-color wp-elements-26100b842b3a3ffe2dd705670e304097\" style=\"border-radius:15px;color:#417a63;padding-top:var(--wp--preset--spacing--20);padding-right:var(--wp--preset--spacing--20);padding-bottom:var(--wp--preset--spacing--20);padding-left:var(--wp--preset--spacing--20);font-size:clamp(1.039rem, 1.039rem + ((1vw - 0.2rem) * 0.935), 1.6rem);\">El encuentro <strong>se llevar\u00e1 a cabo junto con las Jornadas Chilenas de Computaci\u00f3n 2025<\/strong>, a realizarse en la semana del <strong>28 al 30 de Octubre de 2025 en la Pontificia Universidad Cat\u00f3lica de Valpara\u00edso, Valpara\u00edso, Chile.<\/strong><\/p>\n<\/div>\n<\/div>\n\n\n\n<div class=\"wp-block-group alignfull has-montserrat-font-family has-global-padding is-layout-constrained wp-container-core-group-is-layout-0f83130b wp-block-group-is-layout-constrained has-background\" style=\"border-style:none;border-width:0px;border-radius:0px;margin-top:0;margin-bottom:-30px;padding-top:var(--wp--preset--spacing--40);padding-bottom:var(--wp--preset--spacing--50);font-size:clamp(14.642px, 0.915rem + ((1vw - 3.2px) * 0.766), 22px);background-image:url(&apos;http:\/\/200.35.159.35\/wp-content\/uploads\/2025\/01\/f84b1dc7449bcdcad3a0f3f45a86f976.jpg&apos;);background-position:50% 0;background-size:auto;\">\n<div class=\"wp-block-group alignwide has-primary-color has-text-color has-link-color wp-elements-51bc06cfcdc2ed5bf859ea02708306c2 has-global-padding is-layout-constrained wp-container-core-group-is-layout-ab96463d wp-block-group-is-layout-constrained\" style=\"border-radius:10px;margin-top:0;margin-bottom:0;padding-top:var(--wp--preset--spacing--10);padding-right:0;padding-bottom:var(--wp--preset--spacing--10);padding-left:0\">\n<h2 class=\"wp-block-heading has-text-align-center is-style-default has-base-color has-text-color has-background has-link-color has-montserrat-font-family has-x-large-font-size wp-elements-8bf6346ab6351c3215bbf47661b6a061\" style=\"border-width:5px;border-radius:10px;background-color:#417a63;padding-top:var(--wp--preset--spacing--20);padding-right:0;padding-bottom:var(--wp--preset--spacing--20);padding-left:0\"><strong>Llamado a presentar trabajos <\/strong><\/h2>\n<\/div>\n\n\n\n<div class=\"wp-block-group has-contrast-color has-text-color has-background has-link-color wp-elements-567a1e4cd2266405b4341425b5b6672b has-global-padding is-layout-constrained wp-container-core-group-is-layout-8a4412d6 wp-block-group-is-layout-constrained\" style=\"border-radius:15px;background-color:#bdd5c8;padding-top:var(--wp--preset--spacing--20);padding-right:var(--wp--preset--spacing--10);padding-bottom:var(--wp--preset--spacing--20);padding-left:var(--wp--preset--spacing--10);font-size:clamp(1.039rem, 1.039rem + ((1vw - 0.2rem) * 0.935), 1.6rem);\">\n<p style=\"padding-right:var(--wp--preset--spacing--10);padding-left:var(--wp--preset--spacing--10)\">Se hace un llamado a presentar trabajos describiendo:<\/p>\n\n\n\n<ul style=\"padding-right:var(--wp--preset--spacing--40);padding-left:var(--wp--preset--spacing--40)\" class=\"wp-block-list\">\n<li>Trabajos de tesis de mag\u00edster o doctorado defendidos en el \u00faltimo a\u00f1o cuyos resultados hayan sido publicados en otras instancias, como conferencias o revistas internacionales, con el objetivo de difundir su experiencia.<\/li>\n\n\n\n<li>Trabajos de tesis de mag\u00edster o doctorado en desarrollo, que cuenten con resultados preliminares y con un acabado estado del arte de la problem\u00e1tica a abordar.<\/li>\n<\/ul>\n<\/div>\n<\/div>\n\n\n\n<div class=\"wp-block-group has-global-padding is-layout-constrained wp-container-core-group-is-layout-156b41e4 wp-block-group-is-layout-constrained has-background\" style=\"padding-top:var(--wp--preset--spacing--40);padding-bottom:var(--wp--preset--spacing--40);background-image:url(&apos;http:\/\/200.35.159.35\/wp-content\/uploads\/2025\/01\/banner-1920-x-740.jpeg&apos;);background-size:cover;background-attachment:fixed;\">\n<div class=\"wp-block-group has-global-padding is-layout-constrained wp-container-core-group-is-layout-abb6fe41 wp-block-group-is-layout-constrained\">\n<p class=\"has-text-align-center has-border-color has-base-border-color has-base-2-color has-text-color has-background has-link-color has-x-large-font-size wp-elements-d92328d48978942a55b06cfdc643de29\" style=\"border-width:5px;border-radius:15px;background-color:#417a63;padding-top:var(--wp--preset--spacing--10);padding-right:var(--wp--preset--spacing--10);padding-bottom:var(--wp--preset--spacing--10);padding-left:var(--wp--preset--spacing--10)\"><strong>Normas de presentaci\u00f3n<\/strong><\/p>\n<\/div>\n\n\n\n<div class=\"wp-block-group has-base-background-color has-text-color has-background has-link-color wp-elements-4e26d3e7b5366f8aba7357b15bd91428 has-global-padding is-layout-constrained wp-container-core-group-is-layout-c7c49779 wp-block-group-is-layout-constrained\" style=\"border-radius:15px;color:#417a63;padding-top:var(--wp--preset--spacing--20);padding-right:var(--wp--preset--spacing--20);padding-bottom:var(--wp--preset--spacing--20);padding-left:var(--wp--preset--spacing--20)\">\n<p style=\"font-size:clamp(1.039rem, 1.039rem + ((1vw - 0.2rem) * 0.935), 1.6rem);\">Los trabajos deben presentarse en espa\u00f1ol o ingl\u00e9s en formato IEEE-CS tama\u00f1o carta (US letter) dos columnas. El l\u00edmite de p\u00e1ginas es tres y las referencias pueden presentarse en p\u00e1ginas adicionales. M\u00e1s detalles se pueden encontrar en: <a href=\"http:\/\/www.ieee.org\/conferences\/publishing\/templates.html\">www.ieee.org\/conferences\/publishing\/templates.html<\/a><br>Los trabajos, idealmente, deber\u00e1n contar con las siguientes secciones:<\/p>\n\n\n\n<ul style=\"padding-right:var(--wp--preset--spacing--30);padding-left:var(--wp--preset--spacing--30);font-size:clamp(0.875rem, 0.875rem + ((1vw - 0.2rem) * 0.708), 1.3rem);\" class=\"wp-block-list\">\n<li>Resumen<\/li>\n\n\n\n<li>Introducci\u00f3n, donde se debe explicar la relevancia del proyecto, un resumen del estado del arte y un resumen de los resultados presentados en el art\u00edculo<\/li>\n\n\n\n<li>Marco te\u00f3rico<\/li>\n\n\n\n<li>Resultados<\/li>\n\n\n\n<li>Trabajo relacionado y conclusiones<\/li>\n\n\n\n<li>Referencias (en p\u00e1ginas adicionales).<\/li>\n<\/ul>\n\n\n\n<p style=\"font-size:clamp(1.039rem, 1.039rem + ((1vw - 0.2rem) * 0.935), 1.6rem);\">La recepci\u00f3n de los trabajos se realizar\u00e1 electr\u00f3nicamente a trav\u00e9s del sistema Easychair <a href=\"https:\/\/easychair.org\/my\/conference?conf=cleijccchilecon2025\">https:\/\/easychair.org\/my\/conference?conf=cleijccchilecon2025<\/a> y seleccionar el track JCC -Encuentro de Tesistas.<\/p>\n<\/div>\n<\/div>\n\n\n\n<div class=\"wp-block-group alignwide has-primary-color has-text-color has-link-color wp-elements-f72ef4a20bf071eeaf60f59ca2b16925 has-global-padding is-layout-constrained wp-container-core-group-is-layout-e1d50010 wp-block-group-is-layout-constrained\" style=\"border-radius:10px;margin-top:0;margin-bottom:0;padding-top:var(--wp--preset--spacing--30);padding-right:0;padding-bottom:var(--wp--preset--spacing--30);padding-left:0\">\n<h2 class=\"wp-block-heading has-text-align-center is-style-default has-base-color has-text-color has-background has-link-color has-montserrat-font-family has-x-large-font-size wp-elements-f7369881ed464a994b3641c54dbdbbb1\" style=\"border-width:5px;border-radius:10px;background-color:#417a63;padding-top:var(--wp--preset--spacing--20);padding-right:0;padding-bottom:var(--wp--preset--spacing--20);padding-left:0\"><strong>Fechas importantes<\/strong><\/h2>\n\n\n\n<div class=\"wp-block-group has-contrast-color has-text-color has-background has-link-color wp-elements-793f786076096e2231529a2d44dc5008 has-global-padding is-layout-constrained wp-container-core-group-is-layout-8a4412d6 wp-block-group-is-layout-constrained\" style=\"border-radius:15px;background-color:#bdd5c8;padding-top:var(--wp--preset--spacing--20);padding-right:var(--wp--preset--spacing--10);padding-bottom:var(--wp--preset--spacing--20);padding-left:var(--wp--preset--spacing--10);font-size:clamp(1.039rem, 1.039rem + ((1vw - 0.2rem) * 0.935), 1.6rem);\">\n<ul style=\"padding-right:var(--wp--preset--spacing--40);padding-left:var(--wp--preset--spacing--40)\" class=\"wp-block-list\">\n<li style=\"font-size:clamp(0.973rem, 0.973rem + ((1vw - 0.2rem) * 0.845), 1.48rem);\"><strong>Plazo de envio de trabajos:<\/strong> <s>30 de Julio, 2025<\/s><mark style=\"background-color:rgba(0, 0, 0, 0);color:#ff0000\" class=\"has-inline-color\"> <\/mark><strong><mark style=\"background-color:rgba(0, 0, 0, 0);color:#ff0000\" class=\"has-inline-color\">30 de Agosto, 2025<\/mark><\/strong><\/li>\n\n\n\n<li style=\"font-size:clamp(0.973rem, 0.973rem + ((1vw - 0.2rem) * 0.845), 1.48rem);\"><strong>Notificacion de aceptaci\u00f3n:<\/strong> 30 de Agosto, 2025 <strong><mark style=\"background-color:rgba(0, 0, 0, 0);color:#ff0000\" class=\"has-inline-color\">8 de Septiembre, 2025<\/mark><\/strong><\/li>\n<\/ul>\n<\/div>\n<\/div>\n\n\n\n<p><\/p>\n","protected":false},"excerpt":{"rendered":"<p>Encuentro de tesistas(ET-2025) Chairs Ana del Pilar Bustamante ana.bustamante@ufrontera.cl Rafael Mellado rafael.mellado@pucv.cl Yolanda Vald\u00e9s yvaldesr@uautonoma.cl El Encuentro de Tesistas re\u00fane a\u00f1o a a\u00f1o a alumnos de programas de mag\u00edster y doctorado en Ciencias de la Computaci\u00f3n y \u00e1reas afines de Universidades Chilenas. La idea del encuentro es mostrar a la comunidad de computaci\u00f3n en Chile, [&hellip;]<\/p>\n","protected":false},"author":1,"featured_media":0,"parent":0,"menu_order":0,"comment_status":"closed","ping_status":"closed","template":"","meta":{"footnotes":""},"class_list":["post-159","page","type-page","status-publish","hentry"],"_links":{"self":[{"href":"https:\/\/jcc2025.pucv.cl\/index.php\/wp-json\/wp\/v2\/pages\/159","targetHints":{"allow":["GET"]}}],"collection":[{"href":"https:\/\/jcc2025.pucv.cl\/index.php\/wp-json\/wp\/v2\/pages"}],"about":[{"href":"https:\/\/jcc2025.pucv.cl\/index.php\/wp-json\/wp\/v2\/types\/page"}],"author":[{"embeddable":true,"href":"https:\/\/jcc2025.pucv.cl\/index.php\/wp-json\/wp\/v2\/users\/1"}],"replies":[{"embeddable":true,"href":"https:\/\/jcc2025.pucv.cl\/index.php\/wp-json\/wp\/v2\/comments?post=159"}],"version-history":[{"count":14,"href":"https:\/\/jcc2025.pucv.cl\/index.php\/wp-json\/wp\/v2\/pages\/159\/revisions"}],"predecessor-version":[{"id":503,"href":"https:\/\/jcc2025.pucv.cl\/index.php\/wp-json\/wp\/v2\/pages\/159\/revisions\/503"}],"wp:attachment":[{"href":"https:\/\/jcc2025.pucv.cl\/index.php\/wp-json\/wp\/v2\/media?parent=159"}],"curies":[{"name":"wp","href":"https:\/\/api.w.org\/{rel}","templated":true}]}}