{"id":162,"date":"2025-01-24T04:08:49","date_gmt":"2025-01-24T07:08:49","guid":{"rendered":"https:\/\/jcc.moai-san.net\/?page_id=162"},"modified":"2025-03-09T20:06:30","modified_gmt":"2025-03-09T23:06:30","slug":"escuela-datos","status":"publish","type":"page","link":"https:\/\/jcc2025.pucv.cl\/index.php\/escuela-datos\/","title":{"rendered":"Escuela datos"},"content":{"rendered":"\n<div class=\"wp-block-group alignwide has-background-background-color has-text-color has-background has-link-color wp-elements-34b481fc17e28d7f29da026cb7d9996e has-global-padding is-layout-constrained wp-container-core-group-is-layout-7bc18c52 wp-block-group-is-layout-constrained\" style=\"border-style:none;border-width:0px;border-radius:10px;color:#417a63;margin-top:0;margin-bottom:-30px;padding-top:var(--wp--preset--spacing--50);padding-bottom:var(--wp--preset--spacing--50)\">\n<h2 class=\"wp-block-heading has-text-align-center has-border-color has-base-2-border-color has-base-color has-text-color has-background has-link-color has-xx-large-font-size wp-elements-61d32205eba875f704b2fcb54cd31572\" style=\"border-width:5px;border-radius:15px;background-color:#417a63;padding-top:0;padding-right:0px;padding-bottom:0;padding-left:0px\"><strong>Escuela de fundamentos de los datos<\/strong><\/h2>\n<\/div>\n\n\n\n<div class=\"wp-block-group has-background has-global-padding is-layout-constrained wp-container-core-group-is-layout-757dfad4 wp-block-group-is-layout-constrained\" style=\"background-color:#a9c7b8;padding-top:var(--wp--preset--spacing--50);padding-bottom:var(--wp--preset--spacing--50);background-image:url(&apos;http:\/\/200.35.159.35\/wp-content\/uploads\/2025\/01\/Playa_Acapulco_Vina_del_Mar_20200121_26-scaled-1.jpg&apos;);background-size:cover;background-attachment:fixed;\">\n<div class=\"wp-block-group has-global-padding is-layout-constrained wp-container-core-group-is-layout-00f579c5 wp-block-group-is-layout-constrained\">\n<p class=\"has-base-background-color has-text-color has-background has-link-color wp-elements-33cee0de5d7237a79e62290331d9eaaa\" style=\"border-radius:15px;color:#417a63;padding-top:var(--wp--preset--spacing--30);padding-bottom:var(--wp--preset--spacing--30);font-size:clamp(1.039rem, 1.039rem + ((1vw - 0.2rem) * 0.935), 1.6rem);\">El Instituto Milenio Fundamentos de los Datos (IMFD) invita a estudiantes, acad\u00e9micos e investigadores de todas las \u00e1reas interesadas, a asistir a la Quinta Escuela de Fundamentos de los Datos.<br><br>La Escuela IMFD se desarrolla durante las Jornadas Chilenas de Ciencia de la Computaci\u00f3n y consiste en una jornada de clases magistrales, sesiones de Q&amp;A y -al cierre-, un conversatorio abierto a toda la comunidad acad\u00e9mico-universitaria y p\u00fablico interesado, con reconocidos investigadores de las \u00e1reas de ciencia de datos, ciencia pol\u00edtica y comunicaciones.<br><br>El evento (de una jornada completa) est\u00e1 incluido dentro del programa de las Jornadas Chilenas de Computaci\u00f3n, por lo que no requiere de inscripci\u00f3n adicional. Si se solicitar\u00e1 a los interesados en participar que se registren, ya que los cupos son limitados.<\/p>\n<\/div>\n\n\n\n<div class=\"wp-block-group has-base-background-color has-text-color has-background has-link-color wp-elements-821310b2843f1bd5fac788e8372b4bfc has-global-padding is-layout-constrained wp-container-core-group-is-layout-5d745b6a wp-block-group-is-layout-constrained\" style=\"border-radius:15px;color:#417a63;padding-top:var(--wp--preset--spacing--30);padding-right:var(--wp--preset--spacing--40);padding-bottom:var(--wp--preset--spacing--30);padding-left:var(--wp--preset--spacing--40);font-size:clamp(1.039rem, 1.039rem + ((1vw - 0.2rem) * 0.935), 1.6rem);\">\n<p>La Escuela de Fundamentos de los Datos re\u00fane a investigadores de nuestro centro, quienes presentan sus m\u00e1s recientes resultados en temas de investigaci\u00f3n en \u00e1reas relacionadas con:<\/p>\n\n\n\n<ul style=\"padding-right:var(--wp--preset--spacing--40);padding-left:var(--wp--preset--spacing--40)\" class=\"wp-block-list\">\n<li>Database system management<\/li>\n\n\n\n<li>Oportunidades y desaf\u00edos en sistemas de consultas para grafos.<\/li>\n\n\n\n<li>Inteligencia artificial<\/li>\n\n\n\n<li>Ciencias de datos, democracia y sociedad<\/li>\n<\/ul>\n<\/div>\n<\/div>\n\n\n\n<div class=\"wp-block-group alignwide has-primary-color has-text-color has-link-color wp-elements-d2e8d0f791b32eebf05aabf59471fb6a has-global-padding is-layout-constrained wp-container-core-group-is-layout-e2a03587 wp-block-group-is-layout-constrained\" style=\"border-radius:10px;margin-top:0;margin-bottom:0;padding-top:var(--wp--preset--spacing--40);padding-right:0;padding-bottom:var(--wp--preset--spacing--40);padding-left:0\">\n<h2 class=\"wp-block-heading has-text-align-center is-style-default has-base-color has-text-color has-background has-link-color has-montserrat-font-family has-x-large-font-size wp-elements-f7369881ed464a994b3641c54dbdbbb1\" style=\"border-width:5px;border-radius:10px;background-color:#417a63;padding-top:var(--wp--preset--spacing--20);padding-right:0;padding-bottom:var(--wp--preset--spacing--20);padding-left:0\"><strong>Fechas importantes<\/strong><\/h2>\n\n\n\n<p class=\"has-text-align-center has-x-large-font-size\">Coming soon&#8230;.<\/p>\n<\/div>\n","protected":false},"excerpt":{"rendered":"<p>Escuela de fundamentos de los datos El Instituto Milenio Fundamentos de los Datos (IMFD) invita a estudiantes, acad\u00e9micos e investigadores de todas las \u00e1reas interesadas, a asistir a la Quinta Escuela de Fundamentos de los Datos. La Escuela IMFD se desarrolla durante las Jornadas Chilenas de Ciencia de la Computaci\u00f3n y consiste en una jornada [&hellip;]<\/p>\n","protected":false},"author":1,"featured_media":0,"parent":0,"menu_order":0,"comment_status":"closed","ping_status":"closed","template":"","meta":{"footnotes":""},"class_list":["post-162","page","type-page","status-publish","hentry"],"_links":{"self":[{"href":"https:\/\/jcc2025.pucv.cl\/index.php\/wp-json\/wp\/v2\/pages\/162","targetHints":{"allow":["GET"]}}],"collection":[{"href":"https:\/\/jcc2025.pucv.cl\/index.php\/wp-json\/wp\/v2\/pages"}],"about":[{"href":"https:\/\/jcc2025.pucv.cl\/index.php\/wp-json\/wp\/v2\/types\/page"}],"author":[{"embeddable":true,"href":"https:\/\/jcc2025.pucv.cl\/index.php\/wp-json\/wp\/v2\/users\/1"}],"replies":[{"embeddable":true,"href":"https:\/\/jcc2025.pucv.cl\/index.php\/wp-json\/wp\/v2\/comments?post=162"}],"version-history":[{"count":3,"href":"https:\/\/jcc2025.pucv.cl\/index.php\/wp-json\/wp\/v2\/pages\/162\/revisions"}],"predecessor-version":[{"id":596,"href":"https:\/\/jcc2025.pucv.cl\/index.php\/wp-json\/wp\/v2\/pages\/162\/revisions\/596"}],"wp:attachment":[{"href":"https:\/\/jcc2025.pucv.cl\/index.php\/wp-json\/wp\/v2\/media?parent=162"}],"curies":[{"name":"wp","href":"https:\/\/api.w.org\/{rel}","templated":true}]}}