{"id":166,"date":"2024-08-19T04:10:43","date_gmt":"2024-08-19T04:10:43","guid":{"rendered":"https:\/\/jcc.moai-san.net\/?page_id=2"},"modified":"2025-01-31T15:41:34","modified_gmt":"2025-01-31T18:41:34","slug":"clei2025","status":"publish","type":"page","link":"https:\/\/jcc2025.pucv.cl\/index.php\/registro\/clei2025\/","title":{"rendered":"51\u00ba\u00a0Conferencia Latinoamericana de Inform\u00e1tica (CLEI)"},"content":{"rendered":"\n<h1 class=\"wp-block-heading has-text-align-center\">51\u00ba\u00a0Conferencia Latinoamericana de Inform\u00e1tica (CLEI)<\/h1>\n\n\n\n<blockquote class=\"wp-block-quote is-layout-flow wp-block-quote-is-layout-flow\">\n<p>La Conferencia Latinoamericana de Inform\u00e1tica (CLEI) es un evento anual organizado por el Centro Latinoamericano de Estudios de Inform\u00e1tica, y ocurre desde 1974, de modo itinerante por los pa\u00edses Latinoamericanos. CLEI es el espacio latinoamericano m\u00e1s importante de intercambio de ideas, experiencias y resultados de investigaci\u00f3n entre investigadores, profesionales, docentes y estudiantes de Ciencias de la Computaci\u00f3n e Inform\u00e1tica, as\u00ed como sus aplicaciones tecnol\u00f3gicas. Tiene como objetivo el intercambio de ideas, experiencias y resultados de investigaci\u00f3n en las \u00e1reas de inter\u00e9s de la comunidad, por medio de conferencias, talleres, tutoriales y paneles.<\/p>\n\n\n\n<p>En esta edici\u00f3n, CLEI2025 se realizar\u00e1 en la Pontificia Universidad Cat\u00f3lica de Valpara\u00edso (PUCV) del 27 al 31 de Octubre pr\u00f3ximo.<\/p>\n\n\n\n<p>M\u00e1s informacion en\u00a0<a href=\"https:\/\/conferencia2025.clei.org\/\">https:\/\/conferencia2025.clei.org\/<\/a><\/p>\n<\/blockquote>\n","protected":false},"excerpt":{"rendered":"<p>51\u00ba\u00a0Conferencia Latinoamericana de Inform\u00e1tica (CLEI) La Conferencia Latinoamericana de Inform\u00e1tica (CLEI) es un evento anual organizado por el Centro Latinoamericano de Estudios de Inform\u00e1tica, y ocurre desde 1974, de modo itinerante por los pa\u00edses Latinoamericanos. CLEI es el espacio latinoamericano m\u00e1s importante de intercambio de ideas, experiencias y resultados de investigaci\u00f3n entre investigadores, profesionales, docentes [&hellip;]<\/p>\n","protected":false},"author":1,"featured_media":0,"parent":9,"menu_order":5,"comment_status":"closed","ping_status":"closed","template":"","meta":{"footnotes":""},"class_list":["post-166","page","type-page","status-publish","hentry"],"_links":{"self":[{"href":"https:\/\/jcc2025.pucv.cl\/index.php\/wp-json\/wp\/v2\/pages\/166","targetHints":{"allow":["GET"]}}],"collection":[{"href":"https:\/\/jcc2025.pucv.cl\/index.php\/wp-json\/wp\/v2\/pages"}],"about":[{"href":"https:\/\/jcc2025.pucv.cl\/index.php\/wp-json\/wp\/v2\/types\/page"}],"author":[{"embeddable":true,"href":"https:\/\/jcc2025.pucv.cl\/index.php\/wp-json\/wp\/v2\/users\/1"}],"replies":[{"embeddable":true,"href":"https:\/\/jcc2025.pucv.cl\/index.php\/wp-json\/wp\/v2\/comments?post=166"}],"version-history":[{"count":5,"href":"https:\/\/jcc2025.pucv.cl\/index.php\/wp-json\/wp\/v2\/pages\/166\/revisions"}],"predecessor-version":[{"id":187,"href":"https:\/\/jcc2025.pucv.cl\/index.php\/wp-json\/wp\/v2\/pages\/166\/revisions\/187"}],"up":[{"embeddable":true,"href":"https:\/\/jcc2025.pucv.cl\/index.php\/wp-json\/wp\/v2\/pages\/9"}],"wp:attachment":[{"href":"https:\/\/jcc2025.pucv.cl\/index.php\/wp-json\/wp\/v2\/media?parent=166"}],"curies":[{"name":"wp","href":"https:\/\/api.w.org\/{rel}","templated":true}]}}