{"id":282,"date":"2025-03-18T23:13:37","date_gmt":"2025-03-19T02:13:37","guid":{"rendered":"https:\/\/jcc2025.pucv.cl\/?page_id=282"},"modified":"2025-07-11T19:31:44","modified_gmt":"2025-07-11T22:31:44","slug":"i-workshop-en-realidad-extendida-y-videojuegos","status":"publish","type":"page","link":"https:\/\/jcc2025.pucv.cl\/index.php\/i-workshop-en-realidad-extendida-y-videojuegos\/","title":{"rendered":"I Workshop en Realidad Extendida y Videojuegos"},"content":{"rendered":"\n<div class=\"wp-block-group alignwide has-background-background-color has-text-color has-background has-link-color wp-elements-6f1c08c19d3a3a8df943e14b14e7fd40 has-global-padding is-layout-constrained wp-container-core-group-is-layout-7bc18c52 wp-block-group-is-layout-constrained\" style=\"border-style:none;border-width:0px;border-radius:10px;color:#417a63;margin-top:0;margin-bottom:-30px;padding-top:var(--wp--preset--spacing--50);padding-bottom:var(--wp--preset--spacing--50)\">\n<h2 class=\"wp-block-heading has-text-align-center has-border-color has-base-2-border-color has-base-color has-text-color has-background has-link-color wp-elements-4ff0c7f83106b2847842e6b9c91da8f6\" style=\"border-width:5px;border-radius:15px;background-color:#417a63;padding-top:var(--wp--preset--spacing--10);padding-right:0px;padding-bottom:var(--wp--preset--spacing--10);padding-left:0px;font-size:clamp(1.551rem, 1.551rem + ((1vw - 0.2rem) * 1.748), 2.6rem);\"><strong>I Workshop en Realidad Extendida y Videojuegos<\/strong><\/h2>\n<\/div>\n\n\n\n<blockquote class=\"wp-block-quote is-layout-flow wp-block-quote-is-layout-flow\">\n<p>El Workshop en Realidad Extendida y Videojuegos es un espacio para la difusi\u00f3n y revisi\u00f3n de comunidades acad\u00e9micas y profesionales en las \u00e1reas del desarrollo de software y tecnolog\u00edas en Realidad Extendida y Videojuegos. <\/p>\n\n\n\n<p>En su primera versi\u00f3n, este workshop se organiza en el marco de las Jornadas Chilenas de la Computaci\u00f3n 2025.<\/p>\n<\/blockquote>\n\n\n\n<blockquote class=\"wp-block-quote is-layout-flow wp-block-quote-is-layout-flow\">\n<p>Este workshop incluye los siguientes t\u00f3picos de inter\u00e9s:<\/p>\n\n\n\n<ul class=\"wp-block-list\">\n<li>Realidad Extendida en Educaci\u00f3n<\/li>\n\n\n\n<li>Realidad Extendida en industria Productiva<\/li>\n\n\n\n<li>Realidad Extendida en Salud<\/li>\n\n\n\n<li>Gemelos Digitales<\/li>\n\n\n\n<li>IA Generativa F\u00edsica<\/li>\n\n\n\n<li>Metodolog\u00edas de Producci\u00f3n Virtual y Virtualizaci\u00f3n<\/li>\n\n\n\n<li>Simulaci\u00f3n y Visualizaci\u00f3n de Datos mediante Realidad Extendida<\/li>\n\n\n\n<li>Serious Games<\/li>\n\n\n\n<li>Generaci\u00f3n procedural en Videojuegos<\/li>\n\n\n\n<li>IA en Videojuegos<\/li>\n\n\n\n<li>Confort, Salud y Seguridad en ambientes Virtualizados<\/li>\n\n\n\n<li>Videojuegos y Entretenimiento Digital<\/li>\n<\/ul>\n<\/blockquote>\n\n\n\n<blockquote class=\"wp-block-quote is-layout-flow wp-block-quote-is-layout-flow\">\n<ul class=\"wp-block-list\">\n<li>Los art\u00edculos deben estar formateados de acuerdo al formato de proceedings de la IEEE-CS. Formato IEEE disponible en: <a href=\"http:\/\/www.ieee.org\/conferences_events\/conferences\/publishing\/templates.html\">http:\/\/www.ieee.org\/conferences_events\/conferences\/publishing\/templates.html<\/a><\/li>\n<\/ul>\n\n\n\n<ul class=\"wp-block-list\">\n<li>El env\u00edo se hace a trav\u00e9s del sistema Easychair:&nbsp;<a href=\"https:\/\/easychair.org\/my\/conference?conf=cleijccchilecon2025\">https:\/\/easychair.org\/my\/conference?conf=cleijccchilecon2025<\/a><\/li>\n<\/ul>\n<\/blockquote>\n\n\n\n<blockquote class=\"wp-block-quote is-layout-flow wp-block-quote-is-layout-flow\">\n<h2 class=\"wp-block-heading\"><strong>Fechas Importantes<\/strong><\/h2>\n\n\n\n<p><\/p>\n\n\n\n<p class=\"has-text-align-left has-large-font-size\">Abstract: 30 de Junio<\/p>\n\n\n\n<p class=\"has-text-align-left has-large-font-size\">Full paper: <s>14 de Julio<\/s> <strong>21 de Julio<\/strong><\/p>\n\n\n\n<p class=\"has-text-align-left has-large-font-size\">Notificaci\u00f3n de Aceptaci\u00f3n: 7 de Septiembre <\/p>\n\n\n\n<p class=\"has-text-align-left has-large-font-size\">Versi\u00f3n Final (Camera-Ready): 5 de Octubre<\/p>\n<\/blockquote>\n\n\n\n<p><\/p>\n\n\n\n<blockquote class=\"wp-block-quote is-layout-flow wp-block-quote-is-layout-flow\">\n<h2 class=\"wp-block-heading\">Chairs<\/h2>\n\n\n\n<p><br>Dr. Dario Rojas U. Finis Terrae<br>Dr. Felipe Besoain U. Talca<\/p>\n<\/blockquote>\n","protected":false},"excerpt":{"rendered":"<p>I Workshop en Realidad Extendida y Videojuegos El Workshop en Realidad Extendida y Videojuegos es un espacio para la difusi\u00f3n y revisi\u00f3n de comunidades acad\u00e9micas y profesionales en las \u00e1reas del desarrollo de software y tecnolog\u00edas en Realidad Extendida y Videojuegos. En su primera versi\u00f3n, este workshop se organiza en el marco de las Jornadas [&hellip;]<\/p>\n","protected":false},"author":1,"featured_media":0,"parent":0,"menu_order":0,"comment_status":"closed","ping_status":"closed","template":"","meta":{"footnotes":""},"class_list":["post-282","page","type-page","status-publish","hentry"],"_links":{"self":[{"href":"https:\/\/jcc2025.pucv.cl\/index.php\/wp-json\/wp\/v2\/pages\/282","targetHints":{"allow":["GET"]}}],"collection":[{"href":"https:\/\/jcc2025.pucv.cl\/index.php\/wp-json\/wp\/v2\/pages"}],"about":[{"href":"https:\/\/jcc2025.pucv.cl\/index.php\/wp-json\/wp\/v2\/types\/page"}],"author":[{"embeddable":true,"href":"https:\/\/jcc2025.pucv.cl\/index.php\/wp-json\/wp\/v2\/users\/1"}],"replies":[{"embeddable":true,"href":"https:\/\/jcc2025.pucv.cl\/index.php\/wp-json\/wp\/v2\/comments?post=282"}],"version-history":[{"count":10,"href":"https:\/\/jcc2025.pucv.cl\/index.php\/wp-json\/wp\/v2\/pages\/282\/revisions"}],"predecessor-version":[{"id":390,"href":"https:\/\/jcc2025.pucv.cl\/index.php\/wp-json\/wp\/v2\/pages\/282\/revisions\/390"}],"wp:attachment":[{"href":"https:\/\/jcc2025.pucv.cl\/index.php\/wp-json\/wp\/v2\/media?parent=282"}],"curies":[{"name":"wp","href":"https:\/\/api.w.org\/{rel}","templated":true}]}}