{"id":598,"date":"2025-10-27T17:20:49","date_gmt":"2025-10-27T20:20:49","guid":{"rendered":"https:\/\/jcc2025.pucv.cl\/?page_id=598"},"modified":"2025-10-27T17:23:49","modified_gmt":"2025-10-27T20:23:49","slug":"598-2","status":"publish","type":"page","link":"https:\/\/jcc2025.pucv.cl\/index.php\/598-2\/","title":{"rendered":"ForoIA"},"content":{"rendered":"\n<div class=\"wp-block-group alignwide has-background-background-color has-text-color has-background has-link-color wp-elements-6c0d752880f3dc0ee0d158c44735c9f3 has-global-padding is-layout-constrained wp-container-core-group-is-layout-7bc18c52 wp-block-group-is-layout-constrained\" style=\"border-style:none;border-width:0px;border-radius:10px;color:#417a63;margin-top:0;margin-bottom:-30px;padding-top:var(--wp--preset--spacing--50);padding-bottom:var(--wp--preset--spacing--50)\">\n<h2 class=\"wp-block-heading has-text-align-center has-border-color has-base-2-border-color has-base-color has-text-color has-background has-link-color has-xx-large-font-size wp-elements-5374bf7e9cf0c489a6ced196d430b9ec\" style=\"border-width:5px;border-radius:15px;background-color:#417a63;padding-top:0;padding-right:0px;padding-bottom:0;padding-left:0px\"><strong>Foro de Inteligencia Artificial<\/strong><\/h2>\n<\/div>\n\n\n\n<div class=\"wp-block-group alignwide has-global-padding is-layout-constrained wp-block-group-is-layout-constrained\">\n<figure class=\"wp-block-image size-large\"><img loading=\"lazy\" decoding=\"async\" width=\"768\" height=\"1024\" src=\"https:\/\/jcc2025.pucv.cl\/wp-content\/uploads\/2025\/10\/Afiche-ForoAI-1-768x1024.jpeg\" alt=\"\" class=\"wp-image-600\" srcset=\"https:\/\/jcc2025.pucv.cl\/wp-content\/uploads\/2025\/10\/Afiche-ForoAI-1-768x1024.jpeg 768w, https:\/\/jcc2025.pucv.cl\/wp-content\/uploads\/2025\/10\/Afiche-ForoAI-1-225x300.jpeg 225w, https:\/\/jcc2025.pucv.cl\/wp-content\/uploads\/2025\/10\/Afiche-ForoAI-1.jpeg 960w\" sizes=\"auto, (max-width: 768px) 100vw, 768px\" \/><\/figure>\n\n\n\n<p class=\"has-large-font-size\">Nos complace invitarles al evento Foro IA: Inteligencia artificial en la academia y la sociedad, que tendr\u00e1 lugar el d\u00eda de ma\u00f1ana martes 29 de octubre de 2025, de 09:00 a 10:30 hrs, en el Aula IBC de la Escuela de Ingenier\u00eda Inform\u00e1tica de la Pontificia Universidad Cat\u00f3lica de Valpara\u00edso (Avenida Brasil 2241, Valpara\u00edso).<br>Este encuentro busca promover el di\u00e1logo entre investigadores, acad\u00e9micos, profesionales y responsables de pol\u00edticas p\u00fablicas sobre los desaf\u00edos, oportunidades y responsabilidades de la inteligencia artificial (IA) en el \u00e1mbito acad\u00e9mico y social.<\/p>\n<\/div>\n\n\n\n<div class=\"wp-block-group alignfull has-global-padding is-layout-constrained wp-container-core-group-is-layout-0747478d wp-block-group-is-layout-constrained\" style=\"padding-top:var(--wp--preset--spacing--50);padding-right:var(--wp--preset--spacing--50);padding-bottom:var(--wp--preset--spacing--50);padding-left:var(--wp--preset--spacing--50)\">\n<div class=\"wp-block-columns alignwide is-layout-flex wp-container-core-columns-is-layout-ff4b9c61 wp-block-columns-is-layout-flex\" style=\"margin-top:0;margin-bottom:0\">\n<div class=\"wp-block-column is-layout-flow wp-container-core-column-is-layout-8a368f38 wp-block-column-is-layout-flow\">\n<div class=\"wp-block-query is-layout-flow wp-block-query-is-layout-flow\"><\/div>\n<\/div>\n\n\n\n<div class=\"wp-block-column is-layout-flow wp-container-core-column-is-layout-8736a895 wp-block-column-is-layout-flow\" style=\"padding-top:0\">\n<div style=\"height:var(--wp--preset--spacing--50)\" aria-hidden=\"true\" class=\"wp-block-spacer\"><\/div>\n\n\n\n<div class=\"wp-block-query is-layout-flow wp-block-query-is-layout-flow\"><\/div>\n\n\n\n<div style=\"height:var(--wp--preset--spacing--50)\" aria-hidden=\"true\" class=\"wp-block-spacer\"><\/div>\n<\/div>\n\n\n\n<div class=\"wp-block-column is-layout-flow wp-container-core-column-is-layout-8a368f38 wp-block-column-is-layout-flow\">\n<div class=\"wp-block-query is-layout-flow wp-block-query-is-layout-flow\"><\/div>\n<\/div>\n\n\n\n<div class=\"wp-block-column is-layout-flow wp-container-core-column-is-layout-8736a895 wp-block-column-is-layout-flow\" style=\"padding-top:0\">\n<div style=\"height:var(--wp--preset--spacing--50)\" aria-hidden=\"true\" class=\"wp-block-spacer\"><\/div>\n\n\n\n<div class=\"wp-block-query is-layout-flow wp-block-query-is-layout-flow\"><\/div>\n\n\n\n<div style=\"height:var(--wp--preset--spacing--50)\" aria-hidden=\"true\" class=\"wp-block-spacer\"><\/div>\n<\/div>\n<\/div>\n<\/div>\n","protected":false},"excerpt":{"rendered":"<p>Foro de Inteligencia Artificial Nos complace invitarles al evento Foro IA: Inteligencia artificial en la academia y la sociedad, que tendr\u00e1 lugar el d\u00eda de ma\u00f1ana martes 29 de octubre de 2025, de 09:00 a 10:30 hrs, en el Aula IBC de la Escuela de Ingenier\u00eda Inform\u00e1tica de la Pontificia Universidad Cat\u00f3lica de Valpara\u00edso (Avenida [&hellip;]<\/p>\n","protected":false},"author":1,"featured_media":0,"parent":0,"menu_order":0,"comment_status":"closed","ping_status":"closed","template":"","meta":{"footnotes":""},"class_list":["post-598","page","type-page","status-publish","hentry"],"_links":{"self":[{"href":"https:\/\/jcc2025.pucv.cl\/index.php\/wp-json\/wp\/v2\/pages\/598","targetHints":{"allow":["GET"]}}],"collection":[{"href":"https:\/\/jcc2025.pucv.cl\/index.php\/wp-json\/wp\/v2\/pages"}],"about":[{"href":"https:\/\/jcc2025.pucv.cl\/index.php\/wp-json\/wp\/v2\/types\/page"}],"author":[{"embeddable":true,"href":"https:\/\/jcc2025.pucv.cl\/index.php\/wp-json\/wp\/v2\/users\/1"}],"replies":[{"embeddable":true,"href":"https:\/\/jcc2025.pucv.cl\/index.php\/wp-json\/wp\/v2\/comments?post=598"}],"version-history":[{"count":5,"href":"https:\/\/jcc2025.pucv.cl\/index.php\/wp-json\/wp\/v2\/pages\/598\/revisions"}],"predecessor-version":[{"id":606,"href":"https:\/\/jcc2025.pucv.cl\/index.php\/wp-json\/wp\/v2\/pages\/598\/revisions\/606"}],"wp:attachment":[{"href":"https:\/\/jcc2025.pucv.cl\/index.php\/wp-json\/wp\/v2\/media?parent=598"}],"curies":[{"name":"wp","href":"https:\/\/api.w.org\/{rel}","templated":true}]}}