{"id":9,"date":"2025-01-14T01:16:52","date_gmt":"2025-01-14T01:16:52","guid":{"rendered":"https:\/\/jcc.moai-san.net\/?page_id=9"},"modified":"2025-11-07T08:45:52","modified_gmt":"2025-11-07T11:45:52","slug":"registro","status":"publish","type":"page","link":"https:\/\/jcc2025.pucv.cl\/index.php\/registro\/","title":{"rendered":"Registro"},"content":{"rendered":"\n<p><\/p>\n\n\n\n<div class=\"wp-block-group has-global-padding is-layout-constrained wp-container-core-group-is-layout-a96b9845 wp-block-group-is-layout-constrained\" style=\"padding-top:var(--wp--preset--spacing--30)\">\n<h2 class=\"wp-block-heading has-text-align-center has-border-color has-base-2-border-color has-base-color has-text-color has-background has-link-color has-xx-large-font-size wp-elements-35500466a4d9ed2517c18d42193873a5\" style=\"border-width:5px;border-radius:15px;background-color:#417a63;padding-top:0;padding-right:0px;padding-bottom:0;padding-left:0px\">Registro<\/h2>\n<\/div>\n\n\n\n<div class=\"wp-block-group has-background has-global-padding is-layout-constrained wp-container-core-group-is-layout-0c468a46 wp-block-group-is-layout-constrained\" style=\"background-color:#a9c7b8;padding-top:var(--wp--preset--spacing--40);padding-bottom:var(--wp--preset--spacing--40)\">\n<div class=\"wp-block-group has-global-padding is-layout-constrained wp-container-core-group-is-layout-a8095b67 wp-block-group-is-layout-constrained\" style=\"padding-top:0;padding-bottom:0\">\n<div class=\"wp-block-group has-base-background-color has-background has-global-padding is-layout-constrained wp-container-core-group-is-layout-5b43d8ef wp-block-group-is-layout-constrained\" style=\"border-radius:15px;padding-bottom:var(--wp--preset--spacing--30)\">\n<h2 class=\"wp-block-heading\" style=\"padding-top:var(--wp--preset--spacing--40);padding-bottom:var(--wp--preset--spacing--10)\">Categor\u00edas<\/h2>\n\n\n\n<ul class=\"wp-block-list is-style-default\">\n<li style=\"padding-right:0;padding-bottom:var(--wp--preset--spacing--10);font-size:clamp(14.082px, 0.88rem + ((1vw - 3.2px) * 0.721), 21px);\"><strong>JCC2025 &#8211; Delegaci\u00f3n Becada<\/strong>: Toda universidad socia de la <strong>SCCC <\/strong>con su cuota anual al d\u00eda tiene derecho a enviar una delegaci\u00f3n becada de hasta 25 alumnos. El formulario excel debe ser enviado <strong>hasta el 3 de Octubre<\/strong> al correo de la secretar\u00eda ejecutiva de la conferencia (<a href=\"mailto:clei2025cl@gmail.com\">clei2025cl@gmail.com<\/a>), con el asunto <em>&#8220;JCC2025 &#8211; Delegaci\u00f3n Becada&#8221;<\/em>. Link al <a href=\"https:\/\/jcc2025.pucv.cl\/wp-content\/uploads\/2025\/09\/JCC2025-Delegacion-Becada.xlsx\">formulario ac\u00e1<\/a>.<\/li>\n\n\n\n<li style=\"padding-bottom:var(--wp--preset--spacing--10);font-size:clamp(14.082px, 0.88rem + ((1vw - 3.2px) * 0.721), 21px);\"><strong>Autor SCCC, TICXED y Wshop Vj:<\/strong>&nbsp;CLP 350.000 (Cubre el registro y asistencia de 1 autor e inclusi\u00f3n de su art\u00edculo en los proceedings IEEE. Incluye kit de registro, coffee-breaks, ticket cocktail de bienvenida y cena oficial.)<\/li>\n\n\n\n<li style=\"padding-bottom:var(--wp--preset--spacing--10);font-size:clamp(14.082px, 0.88rem + ((1vw - 3.2px) * 0.721), 21px);\"><strong>Paper Adicional<\/strong>: CLP 140.000 (Puede ser aplicado al 2do y 3er art\u00edculo a ser registrado por el mismo autor. Permite la inclusi\u00f3n del trabajo en los proceedings IEEE y no incluye material ni tickets adicionales.)<\/li>\n\n\n\n<li style=\"padding-bottom:var(--wp--preset--spacing--10);font-size:clamp(14.082px, 0.88rem + ((1vw - 3.2px) * 0.721), 21px);\"><strong>Autor LMN:<\/strong>&nbsp;CLP 140.000 (Cubre el registro y asistencia de 1 autor para presentar su art\u00edculo en la conferencia. Incluye kit de participante, coffee-breaks, ticket para cocktail de bienvenida y cena oficial.)<\/li>\n\n\n\n<li style=\"padding-bottom:var(--wp--preset--spacing--10);font-size:clamp(14.082px, 0.88rem + ((1vw - 3.2px) * 0.721), 21px);\"><strong>Autor ET<\/strong>: CLP 60.000 (Cubre el registro y asistencia de 1 tesista para presentar su art\u00edculo en el Encuento de Tesistas. Incluye kit de participante, coffee-breaks, ticket para cocktail de bienvenida.)<\/li>\n\n\n\n<li style=\"padding-bottom:var(--wp--preset--spacing--10);font-size:clamp(14.082px, 0.88rem + ((1vw - 3.2px) * 0.721), 21px);\"><strong>Para Autores (SCCC \/ TICXED \/ Wshop Vj \/ LMN \/ ET)<\/strong>: Es importante que los&nbsp;<strong>autores&nbsp;<\/strong>de art\u00edculos aceptados se&nbsp;<strong>registren hasta el 28 de Septiembre<\/strong>.<\/li>\n\n\n\n<li style=\"padding-bottom:var(--wp--preset--spacing--10);font-size:clamp(14.082px, 0.88rem + ((1vw - 3.2px) * 0.721), 21px);\"><strong>Participante General:<\/strong>&nbsp;CLP 250.000. (Cubre el registro y asistencia de 1 participante. Incluye kit de registro, coffee-breaks, ticket cocktail de bienvenida y cena oficial.)<\/li>\n\n\n\n<li style=\"padding-bottom:var(--wp--preset--spacing--10);font-size:clamp(14.082px, 0.88rem + ((1vw - 3.2px) * 0.721), 21px);\"><strong>Estudiante Postgrado:<\/strong>&nbsp;CLP 100.000 (a ser acreditado mediante certificado de alumno regular o similar. Incluye kit de registro, acceso a sesiones y coffee-breaks.)<\/li>\n\n\n\n<li style=\"padding-bottom:var(--wp--preset--spacing--10);font-size:clamp(14.082px, 0.88rem + ((1vw - 3.2px) * 0.721), 21px);\"><strong>Estudiante Pregrado:<\/strong>&nbsp;CLP 50.000 (a ser acreditado mediante certificado de alumno regular o similar. Incluye kit de registro, acceso a sesiones y coffee-breaks.)<\/li>\n\n\n\n<li style=\"padding-bottom:var(--wp--preset--spacing--10);font-size:clamp(14.082px, 0.88rem + ((1vw - 3.2px) * 0.721), 21px);\"><strong>Ticket de Cena<\/strong>: CLP 60.000<\/li>\n\n\n\n<li style=\"padding-bottom:var(--wp--preset--spacing--10);font-size:clamp(14.082px, 0.88rem + ((1vw - 3.2px) * 0.721), 21px);\"><strong>Descuentos<\/strong>&nbsp;(no acumulables):\n<ul class=\"wp-block-list\">\n<li>Pago Temprano&nbsp;<strong>(hasta&nbsp;<mark>28 de Septiembre<\/mark>):<\/strong>&nbsp;10% off.<\/li>\n\n\n\n<li>Miembros SCCC o IEEE: 10% off (a acreditar mediante documento que indique membres\u00eda al d\u00eda; ej. pdf, screenshot o similar)<\/li>\n\n\n\n<li>Para descuentos especiales en grupos de 10 o m\u00e1s participantes de la misma instituci\u00f3n y categor\u00eda contactar a <a href=\"mailto:clei2025cl@gmail.com\">clei2025cl@gmail.com<\/a><\/li>\n<\/ul>\n<\/li>\n<\/ul>\n<\/div>\n<\/div>\n<\/div>\n\n\n\n<div class=\"wp-block-group has-global-padding is-layout-constrained wp-container-core-group-is-layout-d625c27a wp-block-group-is-layout-constrained\">\n<div class=\"wp-block-group has-global-padding is-layout-constrained wp-container-core-group-is-layout-00f579c5 wp-block-group-is-layout-constrained\">\n<div class=\"wp-block-group has-background has-global-padding is-layout-constrained wp-container-core-group-is-layout-fda5f77b wp-block-group-is-layout-constrained\" style=\"border-radius:15px;background-color:#a9c7b8;padding-top:var(--wp--preset--spacing--30);padding-bottom:var(--wp--preset--spacing--30)\">\n<div class=\"wp-block-group has-base-background-color has-background has-global-padding is-layout-constrained wp-container-core-group-is-layout-5bfee22d wp-block-group-is-layout-constrained\" style=\"border-radius:15px;padding-top:0;padding-bottom:0\">\n<div class=\"wp-block-group has-global-padding is-layout-constrained wp-container-core-group-is-layout-d3738068 wp-block-group-is-layout-constrained\" style=\"padding-right:var(--wp--preset--spacing--10);padding-left:var(--wp--preset--spacing--10)\">\n<h2 class=\"wp-block-heading\" style=\"padding-top:var(--wp--preset--spacing--40);padding-bottom:var(--wp--preset--spacing--10)\">Instrucciones de Registro y Pago<\/h2>\n<\/div>\n\n\n\n<div class=\"wp-block-group has-global-padding is-layout-constrained wp-container-core-group-is-layout-aeaadb1b wp-block-group-is-layout-constrained\" style=\"padding-right:var(--wp--preset--spacing--40);padding-bottom:var(--wp--preset--spacing--30);padding-left:var(--wp--preset--spacing--40)\">\n<ol class=\"wp-block-list\">\n<li style=\"padding-bottom:var(--wp--preset--spacing--10);font-size:clamp(14.642px, 0.915rem + ((1vw - 3.2px) * 0.766), 22px);\">El primer paso es realizar el pago de acuerdo a la tarifa correspondiente seg\u00fan el evento y categor\u00eda que corresponda. En caso de dudas sobre qu\u00e9 y cu\u00e1nto le corresponde pagar, no dude en consultarlo previamente a <a href=\"mailto:clei2025cl@gmail.com\">clei2025cl@gmail.com<\/a>. No olvide guardar el comprobante de pago en PDF pues se pedir\u00e1 durante el proceso de registro.<\/li>\n\n\n\n<li style=\"padding-bottom:var(--wp--preset--spacing--10);font-size:clamp(14.642px, 0.915rem + ((1vw - 3.2px) * 0.766), 22px);\">Debe completar el formulario de registro (Google Form) disponible <strong><a href=\"https:\/\/forms.gle\/BjD9bhF2ivZSfWSJ8\">aqu\u00ed<\/a><\/strong>. El formulario pide los datos del participante e IDs de papers asociados (si corresponde), adem\u00e1s de los comprobantes de membres\u00eda IEEE\/SCCC, certificado de estudiante y recibo de pago realizado seg\u00fan corresponda. El m\u00e9todo de pago y comprobante asociado no son obligatorios al momento del registro.<\/li>\n\n\n\n<li style=\"padding-top:0;padding-bottom:var(--wp--preset--spacing--20);font-size:clamp(14.642px, 0.915rem + ((1vw - 3.2px) * 0.766), 22px);\">El formulario de registro (Google Form) identifica por correo electr\u00f3nico de tipo gmail. Esto permite realizar modificaciones despu\u00e9s de haberlo enviado. Tambi\u00e9n env\u00eda un correo de notificaci\u00f3n con las opciones marcadas como respaldo, las cuales pueden ser luego modificadas.<\/li>\n\n\n\n<li style=\"padding-bottom:var(--wp--preset--spacing--10);font-size:clamp(14.642px, 0.915rem + ((1vw - 3.2px) * 0.766), 22px);\">Para <strong>Autores (<strong>SCCC \/ TICXED \/ Wshop Vj \/ LMN \/ ET<\/strong>)<\/strong>: Es importante que los autores de art\u00edculos aceptados se registren <strong>hasta el 28 de Septiembre<\/strong>. <\/li>\n\n\n\n<li style=\"padding-bottom:var(--wp--preset--spacing--10);font-size:clamp(14.642px, 0.915rem + ((1vw - 3.2px) * 0.766), 22px);\">Cuando su inscripci\u00f3n sea revisada y validada recibir\u00e1 un correo electr\u00f3nico desde la Secretar\u00eda de la Conferencia (clei2025cl@gmail.com) indicando si el registro y pago se encuentran ok. No confundir con el correo de respaldo con copia del formulario enviado.<\/li>\n<\/ol>\n\n\n\n<p style=\"font-size:clamp(14.642px, 0.915rem + ((1vw - 3.2px) * 0.766), 22px);\"><strong>Para ayuda, contactar a clei2025cl@gmail.com<\/strong><\/p>\n<\/div>\n<\/div>\n<\/div>\n<\/div>\n\n\n\n<h2 class=\"wp-block-heading has-text-align-center\" style=\"padding-top:var(--wp--preset--spacing--30);padding-bottom:var(--wp--preset--spacing--10)\">Formas de pago<\/h2>\n<\/div>\n\n\n\n<div class=\"wp-block-group has-background has-global-padding is-layout-constrained wp-container-core-group-is-layout-0c468a46 wp-block-group-is-layout-constrained\" style=\"background-color:#a9c7b8;padding-top:var(--wp--preset--spacing--40);padding-bottom:var(--wp--preset--spacing--40)\">\n<div class=\"wp-block-group has-global-padding is-layout-constrained wp-container-core-group-is-layout-a8095b67 wp-block-group-is-layout-constrained\" style=\"padding-top:0;padding-bottom:0\">\n<div class=\"wp-block-group has-base-background-color has-background has-global-padding is-layout-constrained wp-container-core-group-is-layout-5b43d8ef wp-block-group-is-layout-constrained\" style=\"border-radius:15px;padding-bottom:var(--wp--preset--spacing--30)\">\n<p style=\"padding-top:var(--wp--preset--spacing--30);font-size:clamp(18.959px, 1.185rem + ((1vw - 3.2px) * 1.15), 30px);\"><strong>Dep\u00f3sito o Transferencia Electr\u00f3nica (nacional Chile)<\/strong><\/p>\n\n\n\n<p style=\"padding-top:var(--wp--preset--spacing--10);font-size:clamp(14.642px, 0.915rem + ((1vw - 3.2px) * 0.766), 22px);\">utilizar el valor del d\u00f3lar observado del d\u00eda de la transferencia, disponible en www.bcentral.cl. Incluir el comprobante de la transacci\u00f3n al llenar el formulario de registro o bien enviarlo a clei2025cl@gmail.com indicando los datos de personas y art\u00edculos asociados a ese pago. Datos para transferir:<\/p>\n\n\n\n<ul style=\"font-size:clamp(14.642px, 0.915rem + ((1vw - 3.2px) * 0.766), 22px);\" class=\"wp-block-list\">\n<li style=\"padding-bottom:0;font-size:clamp(14.642px, 0.915rem + ((1vw - 3.2px) * 0.766), 22px);\">A nombre de: Pontificia Universidad Cat\u00f3lica de Valpara\u00edso<\/li>\n\n\n\n<li style=\"padding-bottom:0;font-size:clamp(14.642px, 0.915rem + ((1vw - 3.2px) * 0.766), 22px);\">Rut: 81.669.200-8<\/li>\n\n\n\n<li style=\"padding-bottom:0\">Banco: Scotiabank<\/li>\n\n\n\n<li style=\"padding-bottom:0\">N\u00famero de Cuenta Corriente: 61-09956-06<\/li>\n\n\n\n<li style=\"padding-bottom:0\">Detalle de transferencia: (Nombre evento) + (Nombre completo) + (ID Paper)\n<ul class=\"wp-block-list\">\n<li>ej. JCC2025 Claudio Cubillos ID345<\/li>\n<\/ul>\n<\/li>\n<\/ul>\n<\/div>\n<\/div>\n<\/div>\n\n\n\n<div class=\"wp-block-group has-background has-global-padding is-layout-constrained wp-container-core-group-is-layout-0c468a46 wp-block-group-is-layout-constrained\" style=\"background-color:#a9c7b8;padding-top:var(--wp--preset--spacing--40);padding-bottom:var(--wp--preset--spacing--40)\">\n<div class=\"wp-block-group has-global-padding is-layout-constrained wp-container-core-group-is-layout-a8095b67 wp-block-group-is-layout-constrained\" style=\"padding-top:0;padding-bottom:0\">\n<div class=\"wp-block-group has-base-background-color has-background has-global-padding is-layout-constrained wp-container-core-group-is-layout-5b43d8ef wp-block-group-is-layout-constrained\" style=\"border-radius:15px;padding-bottom:var(--wp--preset--spacing--30)\">\n<p style=\"padding-top:var(--wp--preset--spacing--30);font-size:clamp(18.959px, 1.185rem + ((1vw - 3.2px) * 1.15), 30px);\"><strong>Transferencia por web link \u2013 Portal PUCV: (<mark style=\"background-color:rgba(0, 0, 0, 0);color:#ff0000\" class=\"has-inline-color\">Para pagos Internacionales y Nacionales<\/mark>)<\/strong> <\/p>\n\n\n\n<p style=\"font-size:clamp(14.642px, 0.915rem + ((1vw - 3.2px) * 0.766), 22px);\">Al entrar a cada link deber\u00e1 pinchar el bot\u00f3n \u201cinscripci\u00f3n\u201c, tras lo cual pedir\u00e1 ingresar los datos (id, nombres, apellidos, e-mail) de los asistentes a quienes se les est\u00e1 pagando para permitir el reconocimiento del pago.<\/p>\n\n\n\n<p style=\"font-size:clamp(14.642px, 0.915rem + ((1vw - 3.2px) * 0.766), 22px);\">Para el descuento por Miembros SCCC o IEEE 10% off, solicitar el c\u00f3digo descuento a la secretar\u00eda de la Conferencia clei2025cl@gmail.com.<\/p>\n\n\n\n<ul class=\"wp-block-list\">\n<li style=\"font-size:clamp(14.642px, 0.915rem + ((1vw - 3.2px) * 0.766), 22px);\">Autor SCCC y TICXED, <a href=\"https:\/\/vaf.ucv.cl:8446\/PortalEventos\/evento.jsp?id=1533\">link de pago<\/a><\/li>\n\n\n\n<li style=\"font-size:clamp(14.642px, 0.915rem + ((1vw - 3.2px) * 0.766), 22px);\">Paper Adicional, <a href=\"https:\/\/vaf.ucv.cl:8446\/PortalEventos\/evento.jsp?id=1534\">link de pago<\/a><\/li>\n\n\n\n<li style=\"font-size:clamp(14.642px, 0.915rem + ((1vw - 3.2px) * 0.766), 22px);\">Autor LMN, link de pago<\/li>\n\n\n\n<li style=\"font-size:clamp(14.642px, 0.915rem + ((1vw - 3.2px) * 0.766), 22px);\">Autor ET, link de pago<\/li>\n\n\n\n<li style=\"font-size:clamp(14.642px, 0.915rem + ((1vw - 3.2px) * 0.766), 22px);\">Participante General, link de pago<\/li>\n\n\n\n<li style=\"font-size:clamp(14.642px, 0.915rem + ((1vw - 3.2px) * 0.766), 22px);\">Estudiante Postgrado, link de pago<\/li>\n\n\n\n<li style=\"font-size:clamp(14.642px, 0.915rem + ((1vw - 3.2px) * 0.766), 22px);\">Estudiante Pregrado, link de pago<\/li>\n\n\n\n<li style=\"font-size:clamp(14.642px, 0.915rem + ((1vw - 3.2px) * 0.766), 22px);\">Ticket de Cena, link de pago<\/li>\n<\/ul>\n<\/div>\n<\/div>\n<\/div>\n\n\n\n<div class=\"wp-block-group has-background has-global-padding is-layout-constrained wp-container-core-group-is-layout-0c468a46 wp-block-group-is-layout-constrained\" style=\"background-color:#a9c7b8;padding-top:var(--wp--preset--spacing--40);padding-bottom:var(--wp--preset--spacing--40)\">\n<div class=\"wp-block-group has-global-padding is-layout-constrained wp-container-core-group-is-layout-a8095b67 wp-block-group-is-layout-constrained\" style=\"padding-top:0;padding-bottom:0\">\n<div class=\"wp-block-group has-base-background-color has-background has-global-padding is-layout-constrained wp-container-core-group-is-layout-5b43d8ef wp-block-group-is-layout-constrained\" style=\"border-radius:15px;padding-bottom:var(--wp--preset--spacing--30)\">\n<p style=\"padding-top:var(--wp--preset--spacing--30);padding-bottom:0;font-size:clamp(18.959px, 1.185rem + ((1vw - 3.2px) * 1.15), 30px);\"><strong>Transferencia Electr\u00f3nica<\/strong>&nbsp;<strong>Internacional&nbsp;<\/strong>(SWIFT)<\/p>\n\n\n\n<p style=\"padding-top:var(--wp--preset--spacing--30);padding-bottom:0;font-size:clamp(14.642px, 0.915rem + ((1vw - 3.2px) * 0.766), 22px);\"><strong>Incluir el comprobante de la transacci\u00f3n al llenar el formulario de registro<\/strong>&nbsp;o bien enviar a&nbsp;<a href=\"mailto:clei2025cl@gmail.com\">clei2025cl@gmail.com<\/a>&nbsp;indicando a quien va asociado. Recuerde que todos los costos de transacci\u00f3n deben ser cubiertos por el emisor utilizando la opci\u00f3n OUR. Datos para transferir:<\/p>\n\n\n\n<ul style=\"font-size:clamp(14.642px, 0.915rem + ((1vw - 3.2px) * 0.766), 22px);\" class=\"wp-block-list\">\n<li>Costos de transferencia: opci\u00f3n OUR (todos los costos son cubiertos por el emisor)<\/li>\n\n\n\n<li>A nombre de: Pontificia Universidad Cat\u00f3lica de Valpara\u00edso<\/li>\n\n\n\n<li>Banco: Banco Santander Chile<\/li>\n\n\n\n<li>Direcci\u00f3n Banco: Prat 882, Valpara\u00edso, Chile<\/li>\n\n\n\n<li>C\u00f3digo Banco: BSCHCLRM<\/li>\n\n\n\n<li>N\u00famero cuenta corriente en D\u00f3lares: 5070350198-1<\/li>\n\n\n\n<li>Concepto de transferencia: (Nombre evento) + (Nombre completo) + (ID Paper)\n<ul class=\"wp-block-list\">\n<li>ej. JCC2025 Claudio Cubillos ID345<\/li>\n<\/ul>\n<\/li>\n<\/ul>\n<\/div>\n<\/div>\n<\/div>\n\n\n\n<div class=\"wp-block-group has-global-padding is-layout-constrained wp-container-core-group-is-layout-4383d167 wp-block-group-is-layout-constrained\">\n<div class=\"wp-block-group has-global-padding is-layout-constrained wp-container-core-group-is-layout-4383d167 wp-block-group-is-layout-constrained\" style=\"font-size:clamp(14.642px, 0.915rem + ((1vw - 3.2px) * 0.766), 22px);\"><\/div>\n<\/div>\n\n\n\n<p><\/p>\n","protected":false},"excerpt":{"rendered":"<p>Registro Categor\u00edas Instrucciones de Registro y Pago Para ayuda, contactar a clei2025cl@gmail.com Formas de pago Dep\u00f3sito o Transferencia Electr\u00f3nica (nacional Chile) utilizar el valor del d\u00f3lar observado del d\u00eda de la transferencia, disponible en www.bcentral.cl. Incluir el comprobante de la transacci\u00f3n al llenar el formulario de registro o bien enviarlo a clei2025cl@gmail.com indicando los datos [&hellip;]<\/p>\n","protected":false},"author":1,"featured_media":0,"parent":0,"menu_order":0,"comment_status":"closed","ping_status":"closed","template":"","meta":{"footnotes":""},"class_list":["post-9","page","type-page","status-publish","hentry"],"_links":{"self":[{"href":"https:\/\/jcc2025.pucv.cl\/index.php\/wp-json\/wp\/v2\/pages\/9","targetHints":{"allow":["GET"]}}],"collection":[{"href":"https:\/\/jcc2025.pucv.cl\/index.php\/wp-json\/wp\/v2\/pages"}],"about":[{"href":"https:\/\/jcc2025.pucv.cl\/index.php\/wp-json\/wp\/v2\/types\/page"}],"author":[{"embeddable":true,"href":"https:\/\/jcc2025.pucv.cl\/index.php\/wp-json\/wp\/v2\/users\/1"}],"replies":[{"embeddable":true,"href":"https:\/\/jcc2025.pucv.cl\/index.php\/wp-json\/wp\/v2\/comments?post=9"}],"version-history":[{"count":107,"href":"https:\/\/jcc2025.pucv.cl\/index.php\/wp-json\/wp\/v2\/pages\/9\/revisions"}],"predecessor-version":[{"id":619,"href":"https:\/\/jcc2025.pucv.cl\/index.php\/wp-json\/wp\/v2\/pages\/9\/revisions\/619"}],"wp:attachment":[{"href":"https:\/\/jcc2025.pucv.cl\/index.php\/wp-json\/wp\/v2\/media?parent=9"}],"curies":[{"name":"wp","href":"https:\/\/api.w.org\/{rel}","templated":true}]}}